{"id":19664,"date":"2026-02-15T12:02:39","date_gmt":"2026-02-15T11:02:39","guid":{"rendered":"https:\/\/hostelsoller.com\/?page_id=19664"},"modified":"2026-02-15T12:02:39","modified_gmt":"2026-02-15T11:02:39","slug":"pago-fallido","status":"publish","type":"page","link":"https:\/\/hostelsoller.com\/es\/pago-fallido\/","title":{"rendered":"\u274c Pago fallido"},"content":{"rendered":"<div style=\"text-align:center; max-width:720px; margin:0 auto; margin-bottom:20px;\">\n<p style=\"font-size:20px; line-height:1.6; margin:0 0 12px;\">\n    <strong>Pago no recibido.<\/strong> La reserva todav\u00eda no est\u00e1 confirmada.\n  <\/p>\n<p style=\"font-size:20px; line-height:1.6; margin:0 0 12px;\">\n    Puedes volver a hacer la reserva e intentar el pago de nuevo.\n  <\/p>\n<p style=\"font-size:18px; line-height:1.6; margin:0 0 14px;\">\n    Si el problema persiste o necesitas ayuda, estaremos encantados de atenderte.\n  <\/p>\n<p style=\"font-size:20px; line-height:1.6; margin:0;\">\n    <a href=\"https:\/\/hostelsoller.com\/#contact\">Cont\u00e1ctanos aqu\u00ed \ud83d\udce9<\/a>\n  <\/p>\n<\/div>\n","protected":false},"excerpt":{"rendered":"<p>Pago no recibido. La reserva todav\u00eda no est\u00e1 confirmada. Puedes volver a hacer la reserva e intentar el pago de nuevo. Si el problema persiste o necesitas ayuda, estaremos encantados de atenderte. Cont\u00e1ctanos aqu\u00ed \ud83d\udce9<\/p>\n","protected":false},"author":3,"featured_media":0,"parent":0,"menu_order":0,"comment_status":"closed","ping_status":"closed","template":"","meta":{"footnotes":""},"class_list":["post-19664","page","type-page","status-publish","hentry"],"yoast_head":"<!-- This site is optimized with the Yoast SEO plugin v27.4 - https:\/\/yoast.com\/product\/yoast-seo-wordpress\/ -->\n<title>\u274c Pago fallido - Hostel S\u00f3ller<\/title>\n<meta name=\"robots\" content=\"index, follow, max-snippet:-1, max-image-preview:large, max-video-preview:-1\" \/>\n<link rel=\"canonical\" href=\"https:\/\/hostelsoller.com\/es\/pago-fallido\/\" \/>\n<meta property=\"og:locale\" content=\"es_ES\" \/>\n<meta property=\"og:type\" content=\"article\" \/>\n<meta property=\"og:title\" content=\"\u274c Pago fallido - Hostel S\u00f3ller\" \/>\n<meta property=\"og:description\" content=\"Pago no recibido. La reserva todav\u00eda no est\u00e1 confirmada. Puedes volver a hacer la reserva e intentar el pago de nuevo. Si el problema persiste o necesitas ayuda, estaremos encantados de atenderte. Cont\u00e1ctanos aqu\u00ed \ud83d\udce9\" \/>\n<meta property=\"og:url\" content=\"https:\/\/hostelsoller.com\/es\/pago-fallido\/\" \/>\n<meta property=\"og:site_name\" content=\"Hostel S\u00f3ller\" \/>\n<meta property=\"article:publisher\" content=\"https:\/\/www.facebook.com\/hostelsoller\/\" \/>\n<meta property=\"og:image\" content=\"https:\/\/hostelsoller.com\/wp-content\/uploads\/2026\/02\/logo-HS-SEO.jpg\" \/>\n\t<meta property=\"og:image:width\" content=\"1200\" \/>\n\t<meta property=\"og:image:height\" content=\"675\" \/>\n\t<meta property=\"og:image:type\" content=\"image\/jpeg\" \/>\n<meta name=\"twitter:card\" content=\"summary_large_image\" \/>\n<meta name=\"twitter:label1\" content=\"Tiempo de lectura\" \/>\n\t<meta name=\"twitter:data1\" content=\"1 minuto\" \/>\n<script type=\"application\/ld+json\" class=\"yoast-schema-graph\">{\"@context\":\"https:\\\/\\\/schema.org\",\"@graph\":[{\"@type\":\"WebPage\",\"@id\":\"https:\\\/\\\/hostelsoller.com\\\/es\\\/pago-fallido\\\/\",\"url\":\"https:\\\/\\\/hostelsoller.com\\\/es\\\/pago-fallido\\\/\",\"name\":\"\u274c Pago fallido - Hostel S\u00f3ller\",\"isPartOf\":{\"@id\":\"https:\\\/\\\/hostelsoller.com\\\/es\\\/#website\"},\"datePublished\":\"2026-02-15T11:02:39+00:00\",\"breadcrumb\":{\"@id\":\"https:\\\/\\\/hostelsoller.com\\\/es\\\/pago-fallido\\\/#breadcrumb\"},\"inLanguage\":\"es\",\"potentialAction\":[{\"@type\":\"ReadAction\",\"target\":[\"https:\\\/\\\/hostelsoller.com\\\/es\\\/pago-fallido\\\/\"]}]},{\"@type\":\"BreadcrumbList\",\"@id\":\"https:\\\/\\\/hostelsoller.com\\\/es\\\/pago-fallido\\\/#breadcrumb\",\"itemListElement\":[{\"@type\":\"ListItem\",\"position\":1,\"name\":\"Home\",\"item\":\"https:\\\/\\\/hostelsoller.com\\\/es\\\/\"},{\"@type\":\"ListItem\",\"position\":2,\"name\":\"\u274c Pago fallido\"}]},{\"@type\":\"WebSite\",\"@id\":\"https:\\\/\\\/hostelsoller.com\\\/es\\\/#website\",\"url\":\"https:\\\/\\\/hostelsoller.com\\\/es\\\/\",\"name\":\"Hostel S\u00f3ller\",\"description\":\"Hostel en S\u00f3ller, Mallorca, ideal para senderismo, ciclismo y vacaciones activas en la Serra de Tramuntana.\",\"publisher\":{\"@id\":\"https:\\\/\\\/hostelsoller.com\\\/es\\\/#organization\"},\"potentialAction\":[{\"@type\":\"SearchAction\",\"target\":{\"@type\":\"EntryPoint\",\"urlTemplate\":\"https:\\\/\\\/hostelsoller.com\\\/es\\\/?s={search_term_string}\"},\"query-input\":{\"@type\":\"PropertyValueSpecification\",\"valueRequired\":true,\"valueName\":\"search_term_string\"}}],\"inLanguage\":\"es\"},{\"@type\":\"Organization\",\"@id\":\"https:\\\/\\\/hostelsoller.com\\\/es\\\/#organization\",\"name\":\"HOSTEL S\u00d3LLER - Alberg Juvenil\",\"url\":\"https:\\\/\\\/hostelsoller.com\\\/es\\\/\",\"logo\":{\"@type\":\"ImageObject\",\"inLanguage\":\"es\",\"@id\":\"https:\\\/\\\/hostelsoller.com\\\/es\\\/#\\\/schema\\\/logo\\\/image\\\/\",\"url\":\"https:\\\/\\\/hostelsoller.com\\\/wp-content\\\/uploads\\\/2026\\\/02\\\/cropped-logo-HS-Ok.png\",\"contentUrl\":\"https:\\\/\\\/hostelsoller.com\\\/wp-content\\\/uploads\\\/2026\\\/02\\\/cropped-logo-HS-Ok.png\",\"width\":512,\"height\":512,\"caption\":\"HOSTEL S\u00d3LLER - Alberg Juvenil\"},\"image\":{\"@id\":\"https:\\\/\\\/hostelsoller.com\\\/es\\\/#\\\/schema\\\/logo\\\/image\\\/\"},\"sameAs\":[\"https:\\\/\\\/www.facebook.com\\\/hostelsoller\\\/\",\"https:\\\/\\\/www.instagram.com\\\/hostelsoller\\\/\"]}]}<\/script>\n<!-- \/ Yoast SEO plugin. -->","yoast_head_json":{"title":"\u274c Pago fallido - Hostel S\u00f3ller","robots":{"index":"index","follow":"follow","max-snippet":"max-snippet:-1","max-image-preview":"max-image-preview:large","max-video-preview":"max-video-preview:-1"},"canonical":"https:\/\/hostelsoller.com\/es\/pago-fallido\/","og_locale":"es_ES","og_type":"article","og_title":"\u274c Pago fallido - Hostel S\u00f3ller","og_description":"Pago no recibido. La reserva todav\u00eda no est\u00e1 confirmada. Puedes volver a hacer la reserva e intentar el pago de nuevo. Si el problema persiste o necesitas ayuda, estaremos encantados de atenderte. Cont\u00e1ctanos aqu\u00ed \ud83d\udce9","og_url":"https:\/\/hostelsoller.com\/es\/pago-fallido\/","og_site_name":"Hostel S\u00f3ller","article_publisher":"https:\/\/www.facebook.com\/hostelsoller\/","og_image":[{"width":1200,"height":675,"url":"https:\/\/hostelsoller.com\/wp-content\/uploads\/2026\/02\/logo-HS-SEO.jpg","type":"image\/jpeg"}],"twitter_card":"summary_large_image","twitter_misc":{"Tiempo de lectura":"1 minuto"},"schema":{"@context":"https:\/\/schema.org","@graph":[{"@type":"WebPage","@id":"https:\/\/hostelsoller.com\/es\/pago-fallido\/","url":"https:\/\/hostelsoller.com\/es\/pago-fallido\/","name":"\u274c Pago fallido - Hostel S\u00f3ller","isPartOf":{"@id":"https:\/\/hostelsoller.com\/es\/#website"},"datePublished":"2026-02-15T11:02:39+00:00","breadcrumb":{"@id":"https:\/\/hostelsoller.com\/es\/pago-fallido\/#breadcrumb"},"inLanguage":"es","potentialAction":[{"@type":"ReadAction","target":["https:\/\/hostelsoller.com\/es\/pago-fallido\/"]}]},{"@type":"BreadcrumbList","@id":"https:\/\/hostelsoller.com\/es\/pago-fallido\/#breadcrumb","itemListElement":[{"@type":"ListItem","position":1,"name":"Home","item":"https:\/\/hostelsoller.com\/es\/"},{"@type":"ListItem","position":2,"name":"\u274c Pago fallido"}]},{"@type":"WebSite","@id":"https:\/\/hostelsoller.com\/es\/#website","url":"https:\/\/hostelsoller.com\/es\/","name":"Hostel S\u00f3ller","description":"Hostel en S\u00f3ller, Mallorca, ideal para senderismo, ciclismo y vacaciones activas en la Serra de Tramuntana.","publisher":{"@id":"https:\/\/hostelsoller.com\/es\/#organization"},"potentialAction":[{"@type":"SearchAction","target":{"@type":"EntryPoint","urlTemplate":"https:\/\/hostelsoller.com\/es\/?s={search_term_string}"},"query-input":{"@type":"PropertyValueSpecification","valueRequired":true,"valueName":"search_term_string"}}],"inLanguage":"es"},{"@type":"Organization","@id":"https:\/\/hostelsoller.com\/es\/#organization","name":"HOSTEL S\u00d3LLER - Alberg Juvenil","url":"https:\/\/hostelsoller.com\/es\/","logo":{"@type":"ImageObject","inLanguage":"es","@id":"https:\/\/hostelsoller.com\/es\/#\/schema\/logo\/image\/","url":"https:\/\/hostelsoller.com\/wp-content\/uploads\/2026\/02\/cropped-logo-HS-Ok.png","contentUrl":"https:\/\/hostelsoller.com\/wp-content\/uploads\/2026\/02\/cropped-logo-HS-Ok.png","width":512,"height":512,"caption":"HOSTEL S\u00d3LLER - Alberg Juvenil"},"image":{"@id":"https:\/\/hostelsoller.com\/es\/#\/schema\/logo\/image\/"},"sameAs":["https:\/\/www.facebook.com\/hostelsoller\/","https:\/\/www.instagram.com\/hostelsoller\/"]}]}},"_links":{"self":[{"href":"https:\/\/hostelsoller.com\/es\/wp-json\/wp\/v2\/pages\/19664","targetHints":{"allow":["GET"]}}],"collection":[{"href":"https:\/\/hostelsoller.com\/es\/wp-json\/wp\/v2\/pages"}],"about":[{"href":"https:\/\/hostelsoller.com\/es\/wp-json\/wp\/v2\/types\/page"}],"author":[{"embeddable":true,"href":"https:\/\/hostelsoller.com\/es\/wp-json\/wp\/v2\/users\/3"}],"replies":[{"embeddable":true,"href":"https:\/\/hostelsoller.com\/es\/wp-json\/wp\/v2\/comments?post=19664"}],"version-history":[{"count":2,"href":"https:\/\/hostelsoller.com\/es\/wp-json\/wp\/v2\/pages\/19664\/revisions"}],"predecessor-version":[{"id":19728,"href":"https:\/\/hostelsoller.com\/es\/wp-json\/wp\/v2\/pages\/19664\/revisions\/19728"}],"wp:attachment":[{"href":"https:\/\/hostelsoller.com\/es\/wp-json\/wp\/v2\/media?parent=19664"}],"curies":[{"name":"wp","href":"https:\/\/api.w.org\/{rel}","templated":true}]}}