{"id":16226,"date":"2018-05-21T16:45:12","date_gmt":"2018-05-21T16:45:12","guid":{"rendered":"https:\/\/hostelsoller.com\/terms-conditions\/"},"modified":"2025-10-16T09:41:12","modified_gmt":"2025-10-16T07:41:12","slug":"terminos-y-condiciones","status":"publish","type":"page","link":"https:\/\/hostelsoller.com\/es\/terminos-y-condiciones\/","title":{"rendered":"T\u00e9rminos y condiciones"},"content":{"rendered":"<p>[vc_row row_type=\u00bbrow\u00bb use_row_as_full_screen_section=\u00bbno\u00bb type=\u00bbfull_width\u00bb angled_section=\u00bbno\u00bb text_align=\u00bbleft\u00bb background_image_as_pattern=\u00bbwithout_pattern\u00bb css_animation=\u00bb\u00bb][vc_column][vc_column_text css=\u00bb.vc_custom_1760599972879{margin-top: -10px !important;}\u00bb]<\/p>\n<div class=\"page\" title=\"Page 1\">\n<div class=\"layoutArea\">\n<div class=\"column\">\n<h2>T\u00c9RMINOS Y CONDICIONES \u2013 HOSTAL S\u00d3LLER S.L.<\/h2>\n<p class=\"p1\">Al realizar una reserva en <b>Hostel S\u00f3ller<\/b>, el cliente acepta y se compromete a cumplir las siguientes condiciones.<\/p>\n<p class=\"p1\">El incumplimiento de estas normas podr\u00e1 dar lugar a la cancelaci\u00f3n autom\u00e1tica de la estancia sin derecho a reembolso.<\/p>\n<\/div>\n<\/div>\n<\/div>\n<p>[\/vc_column_text][vc_separator type=\u00bbtransparent\u00bb][\/vc_column][\/vc_row][vc_row row_type=\u00bbrow\u00bb use_row_as_full_screen_section=\u00bbno\u00bb type=\u00bbfull_width\u00bb angled_section=\u00bbno\u00bb text_align=\u00bbleft\u00bb background_image_as_pattern=\u00bbwithout_pattern\u00bb css_animation=\u00bb\u00bb][vc_column][vc_column_text]<\/p>\n<div class=\"layoutArea\">\n<div class=\"column\">\n<h3>1. NORMAS DE ESTANCIA<\/h3>\n<ul class=\"ul1\">\n<li class=\"li1\">No se permiten despedidas de soltero\/a, fiestas ni eventos similares.<\/li>\n<li class=\"li1\">No se admiten mascotas.<\/li>\n<li class=\"li1\">Es obligatorio presentar una identificaci\u00f3n v\u00e1lida con foto (DNI o pasaporte) en el check-in presencial u online.En caso de no haber completado previamente el <b>check-in online<\/b>, ser\u00e1 necesario realizar este proceso de forma presencial a la llegada.<\/li>\n<li class=\"li1\">Si el hu\u00e9sped llega despu\u00e9s de las <b>19:00h<\/b>, deber\u00e1 haber completado el check-in online previamente.<\/li>\n<\/ul>\n<hr \/>\n<\/div>\n<\/div>\n<div class=\"layoutArea\">\n<div class=\"column\">\n<h4 class=\"p1\"><b>Respeto y convivencia<\/b><\/h4>\n<ul class=\"ul1\">\n<li class=\"li1\">Se ruega a los hu\u00e9spedes mantener un comportamiento responsable y c\u00edvico.<\/li>\n<li class=\"li1\">Las \u00e1reas comunes permanecer\u00e1n cerradas de <b>23:00 a 07:00 h<\/b> para garantizar el descanso de todos.<\/li>\n<li class=\"li1\">El check-in en habitaciones compartidas (dormitorios) no est\u00e1 permitido despu\u00e9s de las <b>23:00 h<\/b>.<\/li>\n<li class=\"li1\">Est\u00e1 prohibido dormir en zonas comunes.<\/li>\n<li class=\"li1\">No se puede subir comida y bebidas a las habitaciones, excepto agua.<\/li>\n<li class=\"li1\">Prohibido fumar en todo el edificio, salvo en las \u00e1reas designadas para fumadores.<br \/>\nEn caso de detectarse que se ha fumado en el interior, se aplicar\u00e1 un cargo de <b>250 \u20ac<\/b>.<\/li>\n<\/ul>\n<h4 class=\"p2\"><b>Responsabilidad y limpieza<\/b><\/h4>\n<ul class=\"ul1\">\n<li class=\"li1\">Hostel S\u00f3ller no se hace responsable de objetos perdidos o extraviados.<\/li>\n<li class=\"li1\">El titular de la reserva ser\u00e1 responsable de cualquier da\u00f1o, p\u00e9rdida o desperfecto ocasionado en las instalaciones, el mobiliario o los utensilios.<\/li>\n<li class=\"li1\">El hu\u00e9sped deber\u00e1 mantener en buen estado y limpiar adecuadamente el material de uso com\u00fan (por ejemplo, la cocina).<\/li>\n<li class=\"li1\">En caso de suciedad excesiva en habitaciones o zonas comunes, podr\u00e1 aplicarse un cargo adicional.<\/li>\n<li class=\"li1\">Tambi\u00e9n se aplicar\u00e1 un cargo adicional en caso de suciedad excesiva en toallas o s\u00e1banas.<\/li>\n<\/ul>\n<h4 class=\"p2\"><b>Check-out<\/b><\/h4>\n<ul class=\"ul1\">\n<li class=\"li1\">El <b>check-out<\/b> deber\u00e1 realizarse antes de las <b>11:00h<\/b>. Se ofrece una media hora de cortes\u00eda.<\/li>\n<li class=\"li1\">Pasado este tiempo, se aplicar\u00e1 un recargo de <b>20 \u20ac\/hora<\/b>.<\/li>\n<li class=\"li1\">El <b>check-out presencial<\/b> es posible a partir de las <b>8:00h<\/b>.<br \/>\nSi desea salir antes, puede dejar la llave en el buz\u00f3n situado en la recepci\u00f3n.<br \/>\nEn caso de p\u00e9rdida de llave, se aplicar\u00e1 un cargo de <b>20 \u20ac<\/b>.<\/li>\n<\/ul>\n<h4 class=\"p2\"><b>Desayuno<\/b><\/h4>\n<ul class=\"ul1\">\n<li class=\"li1\">El desayuno se sirve entre las<b> 7:30 y las 10:00h<\/b> en las zonas comunes. El precio del alojamiento <b>no incluye el desayuno<\/b>.<\/li>\n<\/ul>\n<h4 class=\"p2\"><b>Menores de edad<\/b><\/h4>\n<ul class=\"ul1\">\n<li class=\"li1\">No se aceptan reservas de menores de <b>16 a\u00f1os<\/b> sin la presencia de sus padres o tutores legales.<\/li>\n<li class=\"li1\">Los menores de <b>16 a 18 a\u00f1os<\/b> podr\u00e1n alojarse \u00fanicamente con <b>autorizaci\u00f3n escrita<\/b> de sus padres o tutores.<\/li>\n<\/ul>\n<\/div>\n<\/div>\n<p>[\/vc_column_text][vc_separator type=\u00bbtransparent\u00bb][vc_separator type=\u00bbtransparent\u00bb][\/vc_column][\/vc_row][vc_row row_type=\u00bbrow\u00bb use_row_as_full_screen_section=\u00bbno\u00bb type=\u00bbfull_width\u00bb angled_section=\u00bbno\u00bb text_align=\u00bbleft\u00bb background_image_as_pattern=\u00bbwithout_pattern\u00bb css_animation=\u00bb\u00bb][vc_column][vc_column_text]<\/p>\n<div class=\"layoutArea\">\n<div class=\"column\">\n<h3>2. POL\u00cdTICA DE NI\u00d1OS<\/h3>\n<hr \/>\n<\/div>\n<\/div>\n<div class=\"layoutArea\">\n<div class=\"column\">\n<ul class=\"ul1\">\n<li class=\"li1\">Cuna de beb\u00e9 gratuita.<\/li>\n<li class=\"li1\">Ni\u00f1os hasta <b>2 a\u00f1os<\/b>: gratis si duermen en cuna o en la cama de los padres.<\/li>\n<li class=\"li1\">Ni\u00f1os de <b>3 a 8 a\u00f1os<\/b>: <b>20 % de descuento<\/b> (aplicable \u00fanicamente en reservas directas).<\/li>\n<\/ul>\n<\/div>\n<\/div>\n<p>[\/vc_column_text][vc_separator type=\u00bbtransparent\u00bb][vc_separator type=\u00bbtransparent\u00bb][\/vc_column][\/vc_row][vc_row row_type=\u00bbrow\u00bb use_row_as_full_screen_section=\u00bbno\u00bb type=\u00bbfull_width\u00bb angled_section=\u00bbno\u00bb text_align=\u00bbleft\u00bb background_image_as_pattern=\u00bbwithout_pattern\u00bb css_animation=\u00bb\u00bb][vc_column][vc_column_text]<\/p>\n<div class=\"layoutArea\">\n<div class=\"column\">\n<h3>3. POL\u00cdTICA DE CENAS Y PICNIC<\/h3>\n<hr \/>\n<\/div>\n<\/div>\n<div class=\"layoutArea\">\n<div class=\"column\">\n<ul class=\"ul1\">\n<li class=\"li1\">Las peticiones especiales, alergias o intolerancias deber\u00e1n comunicarse como m\u00ednimo <b>2 d\u00edas antes<\/b>.<\/li>\n<li class=\"li1\">Los cambios o cancelaciones tambi\u00e9n deber\u00e1n solicitarse con al menos <b>2 d\u00edas de antelaci\u00f3n<\/b>. De lo contrario, se cargar\u00e1 el importe completo.<\/li>\n<\/ul>\n<\/div>\n<\/div>\n<p>[\/vc_column_text][vc_separator type=\u00bbtransparent\u00bb][vc_separator type=\u00bbtransparent\u00bb][\/vc_column][\/vc_row][vc_row row_type=\u00bbrow\u00bb use_row_as_full_screen_section=\u00bbno\u00bb type=\u00bbfull_width\u00bb angled_section=\u00bbno\u00bb text_align=\u00bbleft\u00bb background_image_as_pattern=\u00bbwithout_pattern\u00bb css_animation=\u00bb\u00bb][vc_column][vc_column_text]<\/p>\n<div class=\"layoutArea\">\n<div class=\"column\">\n<h3>4. POL\u00cdTICA DE PAGO<\/h3>\n<hr \/>\n<\/div>\n<\/div>\n<div class=\"layoutArea\">\n<div class=\"column\">\n<h4 class=\"p1\"><b>Tarifa Est\u00e1ndar (Standard Rate)<\/b><\/h4>\n<ul class=\"ul1\">\n<li class=\"li2\">No requiere pago por adelantado.<\/li>\n<li class=\"li2\">El establecimiento se reserva el derecho de verificar la tarjeta cargando <b>1 \u20ac<\/b> (no reembolsable, en concepto de gesti\u00f3n).<\/li>\n<\/ul>\n<h4 class=\"p1\"><b>Tarifa No Reembolsable<\/b><\/h4>\n<ul class=\"ul1\">\n<li class=\"li2\">Se cargar\u00e1 el <b>100 %<\/b> de la reserva en cualquier momento tras la confirmaci\u00f3n.<\/li>\n<li class=\"li2\">No se permiten cambios ni cancelaciones.<\/li>\n<\/ul>\n<h4 class=\"p1\"><b>Tarifas para grupos (a partir de 10 personas)<\/b><\/h4>\n<ul class=\"ul1\">\n<li class=\"li2\">Se requerir\u00e1 el pago del <b>50 %<\/b> en el momento de la confirmaci\u00f3n.<\/li>\n<li class=\"li2\">El <b>50 % restante<\/b> deber\u00e1 abonarse <b>un mes antes de la llegada<\/b>.<\/li>\n<li class=\"li2\">En caso de cancelaci\u00f3n, se aplicar\u00e1n las pol\u00edticas indicadas en el apartado siguiente.<\/li>\n<\/ul>\n<\/div>\n<\/div>\n<p>[\/vc_column_text][vc_separator type=\u00bbtransparent\u00bb][vc_separator type=\u00bbtransparent\u00bb][\/vc_column][\/vc_row][vc_row row_type=\u00bbrow\u00bb use_row_as_full_screen_section=\u00bbno\u00bb type=\u00bbfull_width\u00bb angled_section=\u00bbno\u00bb text_align=\u00bbleft\u00bb background_image_as_pattern=\u00bbwithout_pattern\u00bb css_animation=\u00bb\u00bb][vc_column][vc_column_text]<\/p>\n<div class=\"layoutArea\">\n<div class=\"column\">\n<h3>5. POL\u00cdTICA DE CANCELACI\u00d3N<\/h3>\n<hr \/>\n<\/div>\n<\/div>\n<div class=\"layoutArea\">\n<div class=\"column\">\n<h4 class=\"p1\"><b>Reservas individuales (tarifa est\u00e1ndar)<\/b><\/h4>\n<ul class=\"ul1\">\n<li class=\"li2\">Cancelaciones hasta <b>7 d\u00edas antes de la llegada<\/b>: sin coste.<\/li>\n<li class=\"li2\">Cancelaciones con <b>menos de 7 d\u00edas<\/b>: se cargar\u00e1 la primera noche.<\/li>\n<li class=\"li2\">Cancelaciones el <b>mismo d\u00eda de llegada<\/b> o <b>salidas anticipadas<\/b>: se cobrar\u00e1 el <b>100 %<\/b> de la reserva.<\/li>\n<\/ul>\n<h4 class=\"p1\"><b>Reservas no reembolsables<\/b><\/h4>\n<ul class=\"ul1\">\n<li class=\"li2\">No admiten cambios ni cancelaciones.<\/li>\n<li class=\"li2\">En caso de cancelaci\u00f3n o no presentaci\u00f3n, se cobrar\u00e1 la totalidad.<\/li>\n<\/ul>\n<h4 class=\"p1\"><b>Reservas de grupos (10 a 19 personas)<\/b><\/h4>\n<ul class=\"ul1\">\n<li class=\"li2\">Cancelaci\u00f3n hasta <b>14 d\u00edas antes de la llegada<\/b>: se cargar\u00e1 la primera noche.<\/li>\n<li class=\"li2\">Cancelaciones con <b>menos de 7 d\u00edas<\/b> o no presentaci\u00f3n (total o parcial): se cobrar\u00e1 el <b>100 %<\/b> de la reserva.<\/li>\n<\/ul>\n<h4 class=\"p1\"><b>Reservas de grupos (20 personas o m\u00e1s)<\/b><\/h4>\n<ul class=\"ul1\">\n<li class=\"li2\">Cancelaci\u00f3n hasta <b>2 meses antes de la llegada<\/b>: reembolso del <b>100 %<\/b>.<\/li>\n<li class=\"li2\">Cancelaci\u00f3n hasta <b>1 mes antes de la llegada<\/b>: reembolso del <b>50 %<\/b>.<\/li>\n<li class=\"li2\">Cancelaciones con <b>menos de 1 mes<\/b> (total o parcial): se cobrar\u00e1 el <b>100 %<\/b>.<\/li>\n<\/ul>\n<\/div>\n<\/div>\n<p>[\/vc_column_text][vc_separator type=\u00bbtransparent\u00bb][vc_separator type=\u00bbtransparent\u00bb][\/vc_column][\/vc_row][vc_row row_type=\u00bbrow\u00bb use_row_as_full_screen_section=\u00bbno\u00bb type=\u00bbfull_width\u00bb angled_section=\u00bbno\u00bb text_align=\u00bbleft\u00bb background_image_as_pattern=\u00bbwithout_pattern\u00bb css_animation=\u00bb\u00bb][vc_column][vc_column_text]<\/p>\n<div class=\"layoutArea\">\n<div class=\"column\">\n<h3>6. OTROS<\/h3>\n<hr \/>\n<\/div>\n<\/div>\n<div class=\"layoutArea\">\n<div class=\"column\">\n<ul class=\"ul1\">\n<li class=\"li1\">Todos los precios incluyen<b> el 10 % de IVA.<\/b><b><\/b><\/li>\n<li class=\"li1\">Los precios no incluyen la tasa tur\u00edstica, impuesto sobre estancias tur\u00edsticas (Ley 2\/2016): <b>1,10 \u20ac por persona y noche.<\/b><b><\/b><\/li>\n<li class=\"li1\">Los precios est\u00e1n sujetos a posibles errores tipogr\u00e1ficos.<\/li>\n<li class=\"li1\">Hostel S\u00f3ller no se hace responsable de las comisiones bancarias generadas por transferencias. Dichos cargos correr\u00e1n siempre a cuenta del cliente.<\/li>\n<\/ul>\n<\/div>\n<\/div>\n<p>[\/vc_column_text][vc_separator type=\u00bbtransparent\u00bb][vc_separator type=\u00bbtransparent\u00bb][\/vc_column][\/vc_row][vc_row row_type=\u00bbrow\u00bb use_row_as_full_screen_section=\u00bbno\u00bb type=\u00bbfull_width\u00bb angled_section=\u00bbno\u00bb text_align=\u00bbleft\u00bb background_image_as_pattern=\u00bbwithout_pattern\u00bb css_animation=\u00bb\u00bb][vc_column][vc_column_text]<\/p>\n<div class=\"layoutArea\">\n<div class=\"column\">\n<h3>7. JURISDICCI\u00d3N<\/h3>\n<hr \/>\n<\/div>\n<\/div>\n<div class=\"layoutArea\">\n<div class=\"column\">\n<p class=\"p1\">Para cualquier controversia derivada de la presente relaci\u00f3n contractual, las partes se someten expresamente a la jurisdicci\u00f3n de los Juzgados y Tribunales de Palma de Mallorca, Islas Baleares.<\/p>\n<p class=\"p1\">N.\u00ba de Registro: ABT\/1<\/p>\n<\/div>\n<\/div>\n<p>[\/vc_column_text][vc_separator type=\u00bbtransparent\u00bb][vc_separator type=\u00bbtransparent\u00bb][\/vc_column][\/vc_row]<\/p>\n","protected":false},"excerpt":{"rendered":"<p>[vc_row row_type=\u00bbrow\u00bb use_row_as_full_screen_section=\u00bbno\u00bb type=\u00bbfull_width\u00bb angled_section=\u00bbno\u00bb text_align=\u00bbleft\u00bb background_image_as_pattern=\u00bbwithout_pattern\u00bb css_animation=\u00bb\u00bb][vc_column][vc_column_text css=\u00bb.vc_custom_1760599972879{margin-top: -10px !important;}\u00bb] T\u00c9RMINOS Y CONDICIONES \u2013 HOSTAL S\u00d3LLER S.L. Al realizar una reserva en Hostel S\u00f3ller, el cliente acepta y se compromete a cumplir las siguientes condiciones. El incumplimiento de estas normas podr\u00e1 dar lugar a&#8230;<\/p>\n","protected":false},"author":1,"featured_media":0,"parent":0,"menu_order":0,"comment_status":"closed","ping_status":"closed","template":"","meta":{"footnotes":""},"class_list":["post-16226","page","type-page","status-publish","hentry"],"yoast_head":"<!-- This site is optimized with the Yoast SEO plugin v27.3 - https:\/\/yoast.com\/product\/yoast-seo-wordpress\/ -->\n<title>T\u00e9rminos y condiciones - Hostel S\u00f3ller<\/title>\n<meta name=\"robots\" content=\"index, follow, max-snippet:-1, max-image-preview:large, max-video-preview:-1\" \/>\n<link rel=\"canonical\" href=\"https:\/\/hostelsoller.com\/es\/terminos-y-condiciones\/\" \/>\n<meta property=\"og:locale\" content=\"es_ES\" \/>\n<meta property=\"og:type\" content=\"article\" \/>\n<meta property=\"og:title\" content=\"T\u00e9rminos y condiciones - Hostel S\u00f3ller\" \/>\n<meta property=\"og:description\" content=\"[vc_row row_type=\u00bbrow\u00bb use_row_as_full_screen_section=\u00bbno\u00bb type=\u00bbfull_width\u00bb angled_section=\u00bbno\u00bb text_align=\u00bbleft\u00bb background_image_as_pattern=\u00bbwithout_pattern\u00bb css_animation=\u00bb\u00bb][vc_column][vc_column_text css=\u00bb.vc_custom_1760599972879{margin-top: -10px !important;}\u00bb] T\u00c9RMINOS Y CONDICIONES \u2013 HOSTAL S\u00d3LLER S.L. Al realizar una reserva en Hostel S\u00f3ller, el cliente acepta y se compromete a cumplir las siguientes condiciones. El incumplimiento de estas normas podr\u00e1 dar lugar a...\" \/>\n<meta property=\"og:url\" content=\"https:\/\/hostelsoller.com\/es\/terminos-y-condiciones\/\" \/>\n<meta property=\"og:site_name\" content=\"Hostel S\u00f3ller\" \/>\n<meta property=\"article:publisher\" content=\"https:\/\/www.facebook.com\/hostelsoller\/\" \/>\n<meta property=\"article:modified_time\" content=\"2025-10-16T07:41:12+00:00\" \/>\n<meta property=\"og:image\" content=\"https:\/\/hostelsoller.com\/wp-content\/uploads\/2026\/02\/logo-HS-SEO.jpg\" \/>\n\t<meta property=\"og:image:width\" content=\"1200\" \/>\n\t<meta property=\"og:image:height\" content=\"675\" \/>\n\t<meta property=\"og:image:type\" content=\"image\/jpeg\" \/>\n<meta name=\"twitter:card\" content=\"summary_large_image\" \/>\n<meta name=\"twitter:label1\" content=\"Tiempo de lectura\" \/>\n\t<meta name=\"twitter:data1\" content=\"5 minutos\" \/>\n<script type=\"application\/ld+json\" class=\"yoast-schema-graph\">{\"@context\":\"https:\\\/\\\/schema.org\",\"@graph\":[{\"@type\":\"WebPage\",\"@id\":\"https:\\\/\\\/hostelsoller.com\\\/es\\\/terminos-y-condiciones\\\/\",\"url\":\"https:\\\/\\\/hostelsoller.com\\\/es\\\/terminos-y-condiciones\\\/\",\"name\":\"T\u00e9rminos y condiciones - Hostel S\u00f3ller\",\"isPartOf\":{\"@id\":\"https:\\\/\\\/hostelsoller.com\\\/es\\\/#website\"},\"datePublished\":\"2018-05-21T16:45:12+00:00\",\"dateModified\":\"2025-10-16T07:41:12+00:00\",\"breadcrumb\":{\"@id\":\"https:\\\/\\\/hostelsoller.com\\\/es\\\/terminos-y-condiciones\\\/#breadcrumb\"},\"inLanguage\":\"es\",\"potentialAction\":[{\"@type\":\"ReadAction\",\"target\":[\"https:\\\/\\\/hostelsoller.com\\\/es\\\/terminos-y-condiciones\\\/\"]}]},{\"@type\":\"BreadcrumbList\",\"@id\":\"https:\\\/\\\/hostelsoller.com\\\/es\\\/terminos-y-condiciones\\\/#breadcrumb\",\"itemListElement\":[{\"@type\":\"ListItem\",\"position\":1,\"name\":\"Home\",\"item\":\"https:\\\/\\\/hostelsoller.com\\\/es\\\/\"},{\"@type\":\"ListItem\",\"position\":2,\"name\":\"T\u00e9rminos y condiciones\"}]},{\"@type\":\"WebSite\",\"@id\":\"https:\\\/\\\/hostelsoller.com\\\/es\\\/#website\",\"url\":\"https:\\\/\\\/hostelsoller.com\\\/es\\\/\",\"name\":\"Hostel S\u00f3ller\",\"description\":\"Hostel en S\u00f3ller, Mallorca, ideal para senderismo, ciclismo y vacaciones activas en la Serra de Tramuntana.\",\"publisher\":{\"@id\":\"https:\\\/\\\/hostelsoller.com\\\/es\\\/#organization\"},\"potentialAction\":[{\"@type\":\"SearchAction\",\"target\":{\"@type\":\"EntryPoint\",\"urlTemplate\":\"https:\\\/\\\/hostelsoller.com\\\/es\\\/?s={search_term_string}\"},\"query-input\":{\"@type\":\"PropertyValueSpecification\",\"valueRequired\":true,\"valueName\":\"search_term_string\"}}],\"inLanguage\":\"es\"},{\"@type\":\"Organization\",\"@id\":\"https:\\\/\\\/hostelsoller.com\\\/es\\\/#organization\",\"name\":\"HOSTEL S\u00d3LLER - Alberg Juvenil\",\"url\":\"https:\\\/\\\/hostelsoller.com\\\/es\\\/\",\"logo\":{\"@type\":\"ImageObject\",\"inLanguage\":\"es\",\"@id\":\"https:\\\/\\\/hostelsoller.com\\\/es\\\/#\\\/schema\\\/logo\\\/image\\\/\",\"url\":\"https:\\\/\\\/hostelsoller.com\\\/wp-content\\\/uploads\\\/2026\\\/02\\\/cropped-logo-HS-Ok.png\",\"contentUrl\":\"https:\\\/\\\/hostelsoller.com\\\/wp-content\\\/uploads\\\/2026\\\/02\\\/cropped-logo-HS-Ok.png\",\"width\":512,\"height\":512,\"caption\":\"HOSTEL S\u00d3LLER - Alberg Juvenil\"},\"image\":{\"@id\":\"https:\\\/\\\/hostelsoller.com\\\/es\\\/#\\\/schema\\\/logo\\\/image\\\/\"},\"sameAs\":[\"https:\\\/\\\/www.facebook.com\\\/hostelsoller\\\/\",\"https:\\\/\\\/www.instagram.com\\\/hostelsoller\\\/\"]}]}<\/script>\n<!-- \/ Yoast SEO plugin. -->","yoast_head_json":{"title":"T\u00e9rminos y condiciones - Hostel S\u00f3ller","robots":{"index":"index","follow":"follow","max-snippet":"max-snippet:-1","max-image-preview":"max-image-preview:large","max-video-preview":"max-video-preview:-1"},"canonical":"https:\/\/hostelsoller.com\/es\/terminos-y-condiciones\/","og_locale":"es_ES","og_type":"article","og_title":"T\u00e9rminos y condiciones - Hostel S\u00f3ller","og_description":"[vc_row row_type=\u00bbrow\u00bb use_row_as_full_screen_section=\u00bbno\u00bb type=\u00bbfull_width\u00bb angled_section=\u00bbno\u00bb text_align=\u00bbleft\u00bb background_image_as_pattern=\u00bbwithout_pattern\u00bb css_animation=\u00bb\u00bb][vc_column][vc_column_text css=\u00bb.vc_custom_1760599972879{margin-top: -10px !important;}\u00bb] T\u00c9RMINOS Y CONDICIONES \u2013 HOSTAL S\u00d3LLER S.L. Al realizar una reserva en Hostel S\u00f3ller, el cliente acepta y se compromete a cumplir las siguientes condiciones. El incumplimiento de estas normas podr\u00e1 dar lugar a...","og_url":"https:\/\/hostelsoller.com\/es\/terminos-y-condiciones\/","og_site_name":"Hostel S\u00f3ller","article_publisher":"https:\/\/www.facebook.com\/hostelsoller\/","article_modified_time":"2025-10-16T07:41:12+00:00","og_image":[{"width":1200,"height":675,"url":"https:\/\/hostelsoller.com\/wp-content\/uploads\/2026\/02\/logo-HS-SEO.jpg","type":"image\/jpeg"}],"twitter_card":"summary_large_image","twitter_misc":{"Tiempo de lectura":"5 minutos"},"schema":{"@context":"https:\/\/schema.org","@graph":[{"@type":"WebPage","@id":"https:\/\/hostelsoller.com\/es\/terminos-y-condiciones\/","url":"https:\/\/hostelsoller.com\/es\/terminos-y-condiciones\/","name":"T\u00e9rminos y condiciones - Hostel S\u00f3ller","isPartOf":{"@id":"https:\/\/hostelsoller.com\/es\/#website"},"datePublished":"2018-05-21T16:45:12+00:00","dateModified":"2025-10-16T07:41:12+00:00","breadcrumb":{"@id":"https:\/\/hostelsoller.com\/es\/terminos-y-condiciones\/#breadcrumb"},"inLanguage":"es","potentialAction":[{"@type":"ReadAction","target":["https:\/\/hostelsoller.com\/es\/terminos-y-condiciones\/"]}]},{"@type":"BreadcrumbList","@id":"https:\/\/hostelsoller.com\/es\/terminos-y-condiciones\/#breadcrumb","itemListElement":[{"@type":"ListItem","position":1,"name":"Home","item":"https:\/\/hostelsoller.com\/es\/"},{"@type":"ListItem","position":2,"name":"T\u00e9rminos y condiciones"}]},{"@type":"WebSite","@id":"https:\/\/hostelsoller.com\/es\/#website","url":"https:\/\/hostelsoller.com\/es\/","name":"Hostel S\u00f3ller","description":"Hostel en S\u00f3ller, Mallorca, ideal para senderismo, ciclismo y vacaciones activas en la Serra de Tramuntana.","publisher":{"@id":"https:\/\/hostelsoller.com\/es\/#organization"},"potentialAction":[{"@type":"SearchAction","target":{"@type":"EntryPoint","urlTemplate":"https:\/\/hostelsoller.com\/es\/?s={search_term_string}"},"query-input":{"@type":"PropertyValueSpecification","valueRequired":true,"valueName":"search_term_string"}}],"inLanguage":"es"},{"@type":"Organization","@id":"https:\/\/hostelsoller.com\/es\/#organization","name":"HOSTEL S\u00d3LLER - Alberg Juvenil","url":"https:\/\/hostelsoller.com\/es\/","logo":{"@type":"ImageObject","inLanguage":"es","@id":"https:\/\/hostelsoller.com\/es\/#\/schema\/logo\/image\/","url":"https:\/\/hostelsoller.com\/wp-content\/uploads\/2026\/02\/cropped-logo-HS-Ok.png","contentUrl":"https:\/\/hostelsoller.com\/wp-content\/uploads\/2026\/02\/cropped-logo-HS-Ok.png","width":512,"height":512,"caption":"HOSTEL S\u00d3LLER - Alberg Juvenil"},"image":{"@id":"https:\/\/hostelsoller.com\/es\/#\/schema\/logo\/image\/"},"sameAs":["https:\/\/www.facebook.com\/hostelsoller\/","https:\/\/www.instagram.com\/hostelsoller\/"]}]}},"_links":{"self":[{"href":"https:\/\/hostelsoller.com\/es\/wp-json\/wp\/v2\/pages\/16226","targetHints":{"allow":["GET"]}}],"collection":[{"href":"https:\/\/hostelsoller.com\/es\/wp-json\/wp\/v2\/pages"}],"about":[{"href":"https:\/\/hostelsoller.com\/es\/wp-json\/wp\/v2\/types\/page"}],"author":[{"embeddable":true,"href":"https:\/\/hostelsoller.com\/es\/wp-json\/wp\/v2\/users\/1"}],"replies":[{"embeddable":true,"href":"https:\/\/hostelsoller.com\/es\/wp-json\/wp\/v2\/comments?post=16226"}],"version-history":[{"count":25,"href":"https:\/\/hostelsoller.com\/es\/wp-json\/wp\/v2\/pages\/16226\/revisions"}],"predecessor-version":[{"id":19641,"href":"https:\/\/hostelsoller.com\/es\/wp-json\/wp\/v2\/pages\/16226\/revisions\/19641"}],"wp:attachment":[{"href":"https:\/\/hostelsoller.com\/es\/wp-json\/wp\/v2\/media?parent=16226"}],"curies":[{"name":"wp","href":"https:\/\/api.w.org\/{rel}","templated":true}]}}