{"id":19660,"date":"2026-02-15T11:56:28","date_gmt":"2026-02-15T10:56:28","guid":{"rendered":"https:\/\/hostelsoller.com\/?page_id=19660"},"modified":"2026-02-15T17:25:44","modified_gmt":"2026-02-15T16:25:44","slug":"confirmacio-de-la-reserva","status":"publish","type":"page","link":"https:\/\/hostelsoller.com\/ca\/confirmacio-de-la-reserva\/","title":{"rendered":"Confirmaci\u00f3 de la reserva \ud83c\udf89"},"content":{"rendered":"<div style=\"text-align:center; max-width:720px; margin:0 auto; margin-bottom:20px;\">\n<p style=\"font-size:20px; line-height:1.6; margin:0 0 12px;\">\n    <strong>Pagament rebut.<\/strong> Gr\u00e0cies! La teva reserva ja est\u00e0 confirmada.\n  <\/p>\n<p style=\"font-size:20px; line-height:1.6; margin:0 0 12px;\">\n    T\u2019enviarem per correu electr\u00f2nic tots els detalls de la reserva ben aviat.\n  <\/p>\n<p style=\"font-size:18px; line-height:1.6; margin:0 0 14px;\">\n    Si no el veus en uns minuts, revisa la carpeta de correu brossa o no desitjat.\n  <\/p>\n<p style=\"font-size:20px; line-height:1.6; margin:0;\">\n    Dubtes o canvis?<br \/>\n    <a href=\"https:\/\/hostelsoller.com\/#contact\">Contacta\u2019ns aqu\u00ed \ud83d\udce9<\/a>\n  <\/p>\n<\/div>\n","protected":false},"excerpt":{"rendered":"<p>Pagament rebut. Gr\u00e0cies! La teva reserva ja est\u00e0 confirmada. T\u2019enviarem per correu electr\u00f2nic tots els detalls de la reserva ben aviat. Si no el veus en uns minuts, revisa la carpeta de correu brossa o no desitjat. Dubtes o canvis? Contacta\u2019ns aqu\u00ed \ud83d\udce9<\/p>\n","protected":false},"author":3,"featured_media":0,"parent":0,"menu_order":0,"comment_status":"closed","ping_status":"closed","template":"","meta":{"footnotes":""},"class_list":["post-19660","page","type-page","status-publish","hentry"],"yoast_head":"<!-- This site is optimized with the Yoast SEO plugin v27.4 - https:\/\/yoast.com\/product\/yoast-seo-wordpress\/ -->\n<title>Confirmaci\u00f3 de la reserva \ud83c\udf89 - Hostel S\u00f3ller<\/title>\n<meta name=\"robots\" content=\"index, follow, max-snippet:-1, max-image-preview:large, max-video-preview:-1\" \/>\n<link rel=\"canonical\" href=\"https:\/\/hostelsoller.com\/ca\/confirmacio-de-la-reserva\/\" \/>\n<meta property=\"og:locale\" content=\"ca_ES\" \/>\n<meta property=\"og:type\" content=\"article\" \/>\n<meta property=\"og:title\" content=\"Confirmaci\u00f3 de la reserva \ud83c\udf89 - Hostel S\u00f3ller\" \/>\n<meta property=\"og:description\" content=\"Pagament rebut. Gr\u00e0cies! La teva reserva ja est\u00e0 confirmada. T\u2019enviarem per correu electr\u00f2nic tots els detalls de la reserva ben aviat. Si no el veus en uns minuts, revisa la carpeta de correu brossa o no desitjat. Dubtes o canvis? Contacta\u2019ns aqu\u00ed \ud83d\udce9\" \/>\n<meta property=\"og:url\" content=\"https:\/\/hostelsoller.com\/ca\/confirmacio-de-la-reserva\/\" \/>\n<meta property=\"og:site_name\" content=\"Hostel S\u00f3ller\" \/>\n<meta property=\"article:publisher\" content=\"https:\/\/www.facebook.com\/hostelsoller\/\" \/>\n<meta property=\"article:modified_time\" content=\"2026-02-15T16:25:44+00:00\" \/>\n<meta property=\"og:image\" content=\"https:\/\/hostelsoller.com\/wp-content\/uploads\/2026\/02\/logo-HS-SEO.jpg\" \/>\n\t<meta property=\"og:image:width\" content=\"1200\" \/>\n\t<meta property=\"og:image:height\" content=\"675\" \/>\n\t<meta property=\"og:image:type\" content=\"image\/jpeg\" \/>\n<meta name=\"twitter:card\" content=\"summary_large_image\" \/>\n<meta name=\"twitter:label1\" content=\"Temps estimat de lectura\" \/>\n\t<meta name=\"twitter:data1\" content=\"1 minut\" \/>\n<script type=\"application\/ld+json\" class=\"yoast-schema-graph\">{\"@context\":\"https:\\\/\\\/schema.org\",\"@graph\":[{\"@type\":\"WebPage\",\"@id\":\"https:\\\/\\\/hostelsoller.com\\\/ca\\\/confirmacio-de-la-reserva\\\/\",\"url\":\"https:\\\/\\\/hostelsoller.com\\\/ca\\\/confirmacio-de-la-reserva\\\/\",\"name\":\"Confirmaci\u00f3 de la reserva \ud83c\udf89 - Hostel S\u00f3ller\",\"isPartOf\":{\"@id\":\"https:\\\/\\\/hostelsoller.com\\\/ca\\\/#website\"},\"datePublished\":\"2026-02-15T10:56:28+00:00\",\"dateModified\":\"2026-02-15T16:25:44+00:00\",\"breadcrumb\":{\"@id\":\"https:\\\/\\\/hostelsoller.com\\\/ca\\\/confirmacio-de-la-reserva\\\/#breadcrumb\"},\"inLanguage\":\"ca\",\"potentialAction\":[{\"@type\":\"ReadAction\",\"target\":[\"https:\\\/\\\/hostelsoller.com\\\/ca\\\/confirmacio-de-la-reserva\\\/\"]}]},{\"@type\":\"BreadcrumbList\",\"@id\":\"https:\\\/\\\/hostelsoller.com\\\/ca\\\/confirmacio-de-la-reserva\\\/#breadcrumb\",\"itemListElement\":[{\"@type\":\"ListItem\",\"position\":1,\"name\":\"Home\",\"item\":\"https:\\\/\\\/hostelsoller.com\\\/ca\\\/\"},{\"@type\":\"ListItem\",\"position\":2,\"name\":\"Confirmaci\u00f3 de la reserva \ud83c\udf89\"}]},{\"@type\":\"WebSite\",\"@id\":\"https:\\\/\\\/hostelsoller.com\\\/ca\\\/#website\",\"url\":\"https:\\\/\\\/hostelsoller.com\\\/ca\\\/\",\"name\":\"Hostel S\u00f3ller\",\"description\":\"Hostel a S\u00f3ller, Mallorca, ideal per a senderisme, ciclisme i vacances actives a la Serra de Tramuntana.\",\"publisher\":{\"@id\":\"https:\\\/\\\/hostelsoller.com\\\/ca\\\/#organization\"},\"potentialAction\":[{\"@type\":\"SearchAction\",\"target\":{\"@type\":\"EntryPoint\",\"urlTemplate\":\"https:\\\/\\\/hostelsoller.com\\\/ca\\\/?s={search_term_string}\"},\"query-input\":{\"@type\":\"PropertyValueSpecification\",\"valueRequired\":true,\"valueName\":\"search_term_string\"}}],\"inLanguage\":\"ca\"},{\"@type\":\"Organization\",\"@id\":\"https:\\\/\\\/hostelsoller.com\\\/ca\\\/#organization\",\"name\":\"HOSTEL S\u00d3LLER - Alberg Juvenil\",\"url\":\"https:\\\/\\\/hostelsoller.com\\\/ca\\\/\",\"logo\":{\"@type\":\"ImageObject\",\"inLanguage\":\"ca\",\"@id\":\"https:\\\/\\\/hostelsoller.com\\\/ca\\\/#\\\/schema\\\/logo\\\/image\\\/\",\"url\":\"https:\\\/\\\/hostelsoller.com\\\/wp-content\\\/uploads\\\/2026\\\/02\\\/cropped-logo-HS-Ok.png\",\"contentUrl\":\"https:\\\/\\\/hostelsoller.com\\\/wp-content\\\/uploads\\\/2026\\\/02\\\/cropped-logo-HS-Ok.png\",\"width\":512,\"height\":512,\"caption\":\"HOSTEL S\u00d3LLER - Alberg Juvenil\"},\"image\":{\"@id\":\"https:\\\/\\\/hostelsoller.com\\\/ca\\\/#\\\/schema\\\/logo\\\/image\\\/\"},\"sameAs\":[\"https:\\\/\\\/www.facebook.com\\\/hostelsoller\\\/\",\"https:\\\/\\\/www.instagram.com\\\/hostelsoller\\\/\"]}]}<\/script>\n<!-- \/ Yoast SEO plugin. -->","yoast_head_json":{"title":"Confirmaci\u00f3 de la reserva \ud83c\udf89 - Hostel S\u00f3ller","robots":{"index":"index","follow":"follow","max-snippet":"max-snippet:-1","max-image-preview":"max-image-preview:large","max-video-preview":"max-video-preview:-1"},"canonical":"https:\/\/hostelsoller.com\/ca\/confirmacio-de-la-reserva\/","og_locale":"ca_ES","og_type":"article","og_title":"Confirmaci\u00f3 de la reserva \ud83c\udf89 - Hostel S\u00f3ller","og_description":"Pagament rebut. Gr\u00e0cies! La teva reserva ja est\u00e0 confirmada. T\u2019enviarem per correu electr\u00f2nic tots els detalls de la reserva ben aviat. Si no el veus en uns minuts, revisa la carpeta de correu brossa o no desitjat. Dubtes o canvis? Contacta\u2019ns aqu\u00ed \ud83d\udce9","og_url":"https:\/\/hostelsoller.com\/ca\/confirmacio-de-la-reserva\/","og_site_name":"Hostel S\u00f3ller","article_publisher":"https:\/\/www.facebook.com\/hostelsoller\/","article_modified_time":"2026-02-15T16:25:44+00:00","og_image":[{"width":1200,"height":675,"url":"https:\/\/hostelsoller.com\/wp-content\/uploads\/2026\/02\/logo-HS-SEO.jpg","type":"image\/jpeg"}],"twitter_card":"summary_large_image","twitter_misc":{"Temps estimat de lectura":"1 minut"},"schema":{"@context":"https:\/\/schema.org","@graph":[{"@type":"WebPage","@id":"https:\/\/hostelsoller.com\/ca\/confirmacio-de-la-reserva\/","url":"https:\/\/hostelsoller.com\/ca\/confirmacio-de-la-reserva\/","name":"Confirmaci\u00f3 de la reserva \ud83c\udf89 - Hostel S\u00f3ller","isPartOf":{"@id":"https:\/\/hostelsoller.com\/ca\/#website"},"datePublished":"2026-02-15T10:56:28+00:00","dateModified":"2026-02-15T16:25:44+00:00","breadcrumb":{"@id":"https:\/\/hostelsoller.com\/ca\/confirmacio-de-la-reserva\/#breadcrumb"},"inLanguage":"ca","potentialAction":[{"@type":"ReadAction","target":["https:\/\/hostelsoller.com\/ca\/confirmacio-de-la-reserva\/"]}]},{"@type":"BreadcrumbList","@id":"https:\/\/hostelsoller.com\/ca\/confirmacio-de-la-reserva\/#breadcrumb","itemListElement":[{"@type":"ListItem","position":1,"name":"Home","item":"https:\/\/hostelsoller.com\/ca\/"},{"@type":"ListItem","position":2,"name":"Confirmaci\u00f3 de la reserva \ud83c\udf89"}]},{"@type":"WebSite","@id":"https:\/\/hostelsoller.com\/ca\/#website","url":"https:\/\/hostelsoller.com\/ca\/","name":"Hostel S\u00f3ller","description":"Hostel a S\u00f3ller, Mallorca, ideal per a senderisme, ciclisme i vacances actives a la Serra de Tramuntana.","publisher":{"@id":"https:\/\/hostelsoller.com\/ca\/#organization"},"potentialAction":[{"@type":"SearchAction","target":{"@type":"EntryPoint","urlTemplate":"https:\/\/hostelsoller.com\/ca\/?s={search_term_string}"},"query-input":{"@type":"PropertyValueSpecification","valueRequired":true,"valueName":"search_term_string"}}],"inLanguage":"ca"},{"@type":"Organization","@id":"https:\/\/hostelsoller.com\/ca\/#organization","name":"HOSTEL S\u00d3LLER - Alberg Juvenil","url":"https:\/\/hostelsoller.com\/ca\/","logo":{"@type":"ImageObject","inLanguage":"ca","@id":"https:\/\/hostelsoller.com\/ca\/#\/schema\/logo\/image\/","url":"https:\/\/hostelsoller.com\/wp-content\/uploads\/2026\/02\/cropped-logo-HS-Ok.png","contentUrl":"https:\/\/hostelsoller.com\/wp-content\/uploads\/2026\/02\/cropped-logo-HS-Ok.png","width":512,"height":512,"caption":"HOSTEL S\u00d3LLER - Alberg Juvenil"},"image":{"@id":"https:\/\/hostelsoller.com\/ca\/#\/schema\/logo\/image\/"},"sameAs":["https:\/\/www.facebook.com\/hostelsoller\/","https:\/\/www.instagram.com\/hostelsoller\/"]}]}},"_links":{"self":[{"href":"https:\/\/hostelsoller.com\/ca\/wp-json\/wp\/v2\/pages\/19660","targetHints":{"allow":["GET"]}}],"collection":[{"href":"https:\/\/hostelsoller.com\/ca\/wp-json\/wp\/v2\/pages"}],"about":[{"href":"https:\/\/hostelsoller.com\/ca\/wp-json\/wp\/v2\/types\/page"}],"author":[{"embeddable":true,"href":"https:\/\/hostelsoller.com\/ca\/wp-json\/wp\/v2\/users\/3"}],"replies":[{"embeddable":true,"href":"https:\/\/hostelsoller.com\/ca\/wp-json\/wp\/v2\/comments?post=19660"}],"version-history":[{"count":1,"href":"https:\/\/hostelsoller.com\/ca\/wp-json\/wp\/v2\/pages\/19660\/revisions"}],"predecessor-version":[{"id":19661,"href":"https:\/\/hostelsoller.com\/ca\/wp-json\/wp\/v2\/pages\/19660\/revisions\/19661"}],"wp:attachment":[{"href":"https:\/\/hostelsoller.com\/ca\/wp-json\/wp\/v2\/media?parent=19660"}],"curies":[{"name":"wp","href":"https:\/\/api.w.org\/{rel}","templated":true}]}}