{"id":18436,"date":"2020-10-14T11:26:55","date_gmt":"2020-10-14T11:26:55","guid":{"rendered":"https:\/\/hostelsoller.com\/nuestras-rutas\/"},"modified":"2022-04-21T16:14:45","modified_gmt":"2022-04-21T14:14:45","slug":"nostres-rutes","status":"publish","type":"page","link":"https:\/\/hostelsoller.com\/ca\/nostres-rutes\/","title":{"rendered":"Nostres Rutes"},"content":{"rendered":"<p>[vc_row row_type=&#8221;row&#8221; use_row_as_full_screen_section=&#8221;no&#8221; type=&#8221;full_width&#8221; angled_section=&#8221;no&#8221; text_align=&#8221;left&#8221; background_image_as_pattern=&#8221;without_pattern&#8221; css_animation=&#8221;&#8221;][vc_column][vc_column_text]<\/p>\n<h4 class=\"p1\" style=\"text-align: center;\">Et presentam la nostra selecci\u00f3 de rutes, per a tots els nivells i des de la porta de l\u2019alberg juvenil..<\/h4>\n<h4 class=\"p1\" style=\"text-align: center;\">Des de passejades f\u00e0cils a grans excursions. Segueix-les des de l&#8217;aplicaci\u00f3 WIKILOC amb #hostelsoller per a no perdre&#8217;t!!<\/h4>\n<h4 class=\"p1\" style=\"text-align: center;\">Bona travessa!!<\/h4>\n<p>[\/vc_column_text][vc_empty_space][\/vc_column][\/vc_row][vc_row row_type=&#8221;row&#8221; use_row_as_full_screen_section=&#8221;no&#8221; type=&#8221;full_width&#8221; angled_section=&#8221;no&#8221; text_align=&#8221;left&#8221; background_image_as_pattern=&#8221;without_pattern&#8221; css_animation=&#8221;&#8221;][vc_column width=&#8221;1\/2&#8243;]<div class='image_hover hovered' style='' data-transition-delay=''><div class='images_holder'><a itemprop='url' href='https:\/\/es.wikiloc.com\/rutas-senderismo\/hostelsoller-etapa-gr221-de-soller-a-lluc-56349267' target='_blank'><img itemprop='image' class='active_image ' src='https:\/\/hostelsoller.com\/wp-content\/uploads\/2022\/02\/01_Soller-Lluc-GR221-3.jpg' alt='' style='' \/><img itemprop='image' class='hover_image' src='https:\/\/hostelsoller.com\/wp-content\/uploads\/2020\/10\/01_Soller-Lluc-GR221-2.jpg' alt='' style='' \/><\/a><\/div><\/div>[vc_empty_space height=&#8221;10px&#8221;][vc_column_text]<\/p>\n<h4 class=\"p1\" style=\"text-align: center;\"><span style=\"color: #333333;\"><b>DE S\u00d3LLER A LLUC GR221 <\/b><\/span><\/h4>\n<p>[\/vc_column_text][vc_empty_space height=&#8221;20px&#8221;][\/vc_column][vc_column width=&#8221;1\/2&#8243;]<div class='image_hover hovered' style='' data-transition-delay=''><div class='images_holder'><a itemprop='url' href='https:\/\/es.wikiloc.com\/rutas-senderismo\/hostelsoller-cuber-refugi-tossals-verds-cuber-47315193' target='_blank'><img itemprop='image' class='active_image ' src='https:\/\/hostelsoller.com\/wp-content\/uploads\/2020\/10\/02_Cuber-refugi-tossals-verds-1.jpg' alt='' style='' \/><img itemprop='image' class='hover_image' src='https:\/\/hostelsoller.com\/wp-content\/uploads\/2020\/10\/02_Cuber-refugi-tossals-verds-2.jpg' alt='' style='' \/><\/a><\/div><\/div>[vc_empty_space height=&#8221;10px&#8221;][vc_column_text]<\/p>\n<h4 class=\"p1\" style=\"text-align: center;\"><span style=\"color: #333333;\"><b>C\u00daBER, REFUGI TOSSALS VERDS I C\u00daBER<\/b><\/span><\/h4>\n<p>[\/vc_column_text][vc_empty_space height=&#8221;20px&#8221;][\/vc_column][\/vc_row][vc_row row_type=&#8221;row&#8221; use_row_as_full_screen_section=&#8221;no&#8221; type=&#8221;full_width&#8221; angled_section=&#8221;no&#8221; text_align=&#8221;left&#8221; background_image_as_pattern=&#8221;without_pattern&#8221; css_animation=&#8221;&#8221;][vc_column][vc_empty_space height=&#8221;20px&#8221;][\/vc_column][\/vc_row][vc_row row_type=&#8221;row&#8221; use_row_as_full_screen_section=&#8221;no&#8221; type=&#8221;full_width&#8221; angled_section=&#8221;no&#8221; text_align=&#8221;left&#8221; background_image_as_pattern=&#8221;without_pattern&#8221; css_animation=&#8221;&#8221;][vc_column width=&#8221;1\/2&#8243;]<div class='image_hover hovered' style='' data-transition-delay=''><div class='images_holder'><a itemprop='url' href='https:\/\/es.wikiloc.com\/rutas-senderismo\/hostelsoller-etapa-gr221-de-soller-al-refugi-des-tossals-verds-47196561' target='_blank'><img itemprop='image' class='active_image ' src='https:\/\/hostelsoller.com\/wp-content\/uploads\/2020\/10\/03_soller-refugi-tossals-verds-gr221-1.jpg' alt='' style='' \/><img itemprop='image' class='hover_image' src='https:\/\/hostelsoller.com\/wp-content\/uploads\/2020\/10\/03_soller-refugi-tossals-verds-gr221-2.jpg' alt='' style='' \/><\/a><\/div><\/div>[vc_empty_space height=&#8221;10px&#8221;][vc_column_text]<\/p>\n<h4 class=\"p1\" style=\"text-align: center;\"><span style=\"color: #333333;\"><b>DE S\u00d3LLER AL REFUGI DES TOSSALS VERDS (ETAPA GR221)<\/b><\/span><\/h4>\n<p>[\/vc_column_text][vc_empty_space height=&#8221;20px&#8221;][\/vc_column][vc_column width=&#8221;1\/2&#8243;]<div class='image_hover hovered' style='' data-transition-delay=''><div class='images_holder'><a itemprop='url' href='https:\/\/es.wikiloc.com\/rutas-senderismo\/hostelsoller-soller-deia-por-la-costa-y-vuelta-por-gr221a-soller-46906660' target='_blank'><img itemprop='image' class='active_image ' src='https:\/\/hostelsoller.com\/wp-content\/uploads\/2020\/10\/04_soller-deia-gr221-1.jpg' alt='' style='' \/><img itemprop='image' class='hover_image' src='https:\/\/hostelsoller.com\/wp-content\/uploads\/2020\/10\/04_soller-deia-gr221-2.jpg' alt='' style='' \/><\/a><\/div><\/div>[vc_empty_space height=&#8221;10px&#8221;][vc_column_text]<\/p>\n<h4 class=\"p1\" style=\"text-align: center;\"><span style=\"color: #333333;\"><b>S\u00d3LLER, DEI\u00c0 PER LA COSTA I VOLTA PEL GR221 A S\u00d3LLER<\/b><\/span><\/h4>\n<p>[\/vc_column_text][vc_empty_space height=&#8221;20px&#8221;][\/vc_column][\/vc_row][vc_row row_type=&#8221;row&#8221; use_row_as_full_screen_section=&#8221;no&#8221; type=&#8221;full_width&#8221; angled_section=&#8221;no&#8221; text_align=&#8221;left&#8221; background_image_as_pattern=&#8221;without_pattern&#8221; css_animation=&#8221;&#8221;][vc_column][vc_empty_space height=&#8221;20px&#8221;][\/vc_column][\/vc_row][vc_row row_type=&#8221;row&#8221; use_row_as_full_screen_section=&#8221;no&#8221; type=&#8221;full_width&#8221; angled_section=&#8221;no&#8221; text_align=&#8221;left&#8221; background_image_as_pattern=&#8221;without_pattern&#8221; css_animation=&#8221;&#8221;][vc_column width=&#8221;1\/2&#8243;]<div class='image_hover hovered' style='' data-transition-delay=''><div class='images_holder'><a itemprop='url' href='https:\/\/es.wikiloc.com\/rutas-senderismo\/hostelsoller-paseo-por-soller-46755319' target='_blank'><img itemprop='image' class='active_image ' src='https:\/\/hostelsoller.com\/wp-content\/uploads\/2020\/10\/05_Paseo-por-soller-1.jpg' alt='' style='' \/><img itemprop='image' class='hover_image' src='https:\/\/hostelsoller.com\/wp-content\/uploads\/2020\/10\/05_Paseo-por-soller-2.jpg' alt='' style='' \/><\/a><\/div><\/div>[vc_empty_space height=&#8221;10px&#8221;][vc_column_text]<\/p>\n<h4 class=\"p1\" style=\"text-align: center;\"><span style=\"color: #333333;\"><b>PASSEIG PER S\u00d3LLER<\/b><\/span><\/h4>\n<p>[\/vc_column_text][vc_empty_space height=&#8221;20px&#8221;][\/vc_column][vc_column width=&#8221;1\/2&#8243;]<div class='image_hover hovered' style='' data-transition-delay=''><div class='images_holder'><a itemprop='url' href='https:\/\/es.wikiloc.com\/rutas-senderismo\/hostelsoller-paseo-a-fornalutx-y-vuelta-por-biniaraix-46568784' target='_blank'><img itemprop='image' class='active_image ' src='https:\/\/hostelsoller.com\/wp-content\/uploads\/2020\/10\/06_Paseo-fornalutx-biniaraix-1.jpg' alt='' style='' \/><img itemprop='image' class='hover_image' src='https:\/\/hostelsoller.com\/wp-content\/uploads\/2020\/10\/06_Paseo-fornalutx-biniaraix-2.jpg' alt='' style='' \/><\/a><\/div><\/div>[vc_empty_space height=&#8221;10px&#8221;][vc_column_text]<\/p>\n<h4 class=\"p1\" style=\"text-align: center;\"><span style=\"color: #333333;\"><b>PASSEIG A FORNALUTX I TORNADA PER\u00a0BINIARAIX<\/b><\/span><\/h4>\n<p>[\/vc_column_text][vc_empty_space height=&#8221;20px&#8221;][\/vc_column][\/vc_row][vc_row row_type=&#8221;row&#8221; use_row_as_full_screen_section=&#8221;no&#8221; type=&#8221;full_width&#8221; angled_section=&#8221;no&#8221; text_align=&#8221;left&#8221; background_image_as_pattern=&#8221;without_pattern&#8221; css_animation=&#8221;&#8221;][vc_column][vc_empty_space height=&#8221;20px&#8221;][\/vc_column][\/vc_row][vc_row row_type=&#8221;row&#8221; use_row_as_full_screen_section=&#8221;no&#8221; type=&#8221;full_width&#8221; angled_section=&#8221;no&#8221; text_align=&#8221;left&#8221; background_image_as_pattern=&#8221;without_pattern&#8221; css_animation=&#8221;&#8221;][vc_column width=&#8221;1\/2&#8243;]<div class='image_hover hovered' style='' data-transition-delay=''><div class='images_holder'><a itemprop='url' href='https:\/\/es.wikiloc.com\/rutas-senderismo\/hostelsoller-es-barranc-puig-de-lofre-portell-de-sa-costa-fornalutx-soller-100663406' target='_blank'><img itemprop='image' class='active_image ' src='https:\/\/hostelsoller.com\/wp-content\/uploads\/2022\/02\/07_Ruta-Hostel-Soller-Fornalutx-circular-1.jpg' alt='' style='' \/><img itemprop='image' class='hover_image' src='https:\/\/hostelsoller.com\/wp-content\/uploads\/2022\/02\/07_Ruta-Hostel-Soller-Fornalutx-circular-2.jpg' alt='' style='' \/><\/a><\/div><\/div>[vc_empty_space height=&#8221;10px&#8221;][vc_column_text]<\/p>\n<h4 class=\"p1\" style=\"text-align: center;\"><span style=\"color: #333333;\"><b>S\u00d3LLER, ES BARRANC, PUIG DE L&#8217;OFRE, PORTELL DE SA COSTA, FORNALUTX Y S\u00d3LLER<\/b><\/span><\/h4>\n<p>[\/vc_column_text][vc_empty_space height=&#8221;20px&#8221;][\/vc_column][vc_column width=&#8221;1\/2&#8243;]<div class='image_hover hovered' style='' data-transition-delay=''><div class='images_holder'><a itemprop='url' href='https:\/\/es.wikiloc.com\/rutas-senderismo\/hostelsoller-de-soller-al-puerto-de-soller-46403537' target='_blank'><img itemprop='image' class='active_image ' src='https:\/\/hostelsoller.com\/wp-content\/uploads\/2020\/10\/08_soller-puerto-de-soller-1.jpg' alt='' style='' \/><img itemprop='image' class='hover_image' src='https:\/\/hostelsoller.com\/wp-content\/uploads\/2020\/10\/08_soller-puerto-de-soller-2.jpg' alt='' style='' \/><\/a><\/div><\/div>[vc_empty_space height=&#8221;10px&#8221;][vc_column_text]<\/p>\n<h4 class=\"p1\" style=\"text-align: center;\"><span style=\"color: #333333;\"><b>DE S\u00d3LLER AL PORT DE S\u00d3LLER<\/b><\/span><\/h4>\n<p>[\/vc_column_text][vc_empty_space height=&#8221;20px&#8221;][\/vc_column][\/vc_row][vc_row row_type=&#8221;row&#8221; use_row_as_full_screen_section=&#8221;no&#8221; type=&#8221;full_width&#8221; angled_section=&#8221;no&#8221; text_align=&#8221;left&#8221; background_image_as_pattern=&#8221;without_pattern&#8221; css_animation=&#8221;&#8221;][vc_column][vc_empty_space height=&#8221;20px&#8221;][\/vc_column][\/vc_row][vc_row row_type=&#8221;row&#8221; use_row_as_full_screen_section=&#8221;no&#8221; type=&#8221;full_width&#8221; angled_section=&#8221;no&#8221; text_align=&#8221;left&#8221; background_image_as_pattern=&#8221;without_pattern&#8221; css_animation=&#8221;&#8221;][vc_column width=&#8221;1\/2&#8243;]<div class='image_hover hovered' style='' data-transition-delay=''><div class='images_holder'><a itemprop='url' href='https:\/\/es.wikiloc.com\/rutas-senderismo\/hostelsoller-vuelta-al-cami-vell-des-barranc-46367857' target='_blank'><img itemprop='image' class='active_image ' src='https:\/\/hostelsoller.com\/wp-content\/uploads\/2020\/10\/09_Vuelta-al-cami-vell-des-barranc-1.jpg' alt='' style='' \/><img itemprop='image' class='hover_image' src='https:\/\/hostelsoller.com\/wp-content\/uploads\/2020\/10\/09_Vuelta-al-cami-vell-des-barranc-2.jpg' alt='' style='' \/><\/a><\/div><\/div>[vc_empty_space height=&#8221;10px&#8221;][vc_column_text]<\/p>\n<h4 class=\"p1\" style=\"text-align: center;\"><span style=\"color: #333333;\"><b>VOLTA AL CAM\u00cd VELL DES BARRANC<\/b><\/span><\/h4>\n<p>[\/vc_column_text][vc_empty_space height=&#8221;20px&#8221;][\/vc_column][vc_column width=&#8221;1\/2&#8243;]<div class='image_hover hovered' style='' data-transition-delay=''><div class='images_holder'><a itemprop='url' href='https:\/\/es.wikiloc.com\/rutas-senderismo\/hostelsoller-balitx-sa-costera-cala-tuent-vuelta-en-barco-56462268' target='_blank'><img itemprop='image' class='active_image ' src='https:\/\/hostelsoller.com\/wp-content\/uploads\/2020\/10\/10_soller-balitx-sa-costera-cala-tuent-1.jpg' alt='' style='' \/><img itemprop='image' class='hover_image' src='https:\/\/hostelsoller.com\/wp-content\/uploads\/2020\/10\/10_soller-balitx-sa-costera-cala-tuent-2.jpg' alt='' style='' \/><\/a><\/div><\/div>[vc_empty_space height=&#8221;10px&#8221;][vc_column_text]<\/p>\n<h4 class=\"p1\" style=\"text-align: center;\"><span style=\"color: #333333;\"><b>S\u00d3LLER, B\u00c0LITX, SA COSTERA I CALA TUENT (TORNADA EN VAIXELL)<\/b><\/span><\/h4>\n<p>[\/vc_column_text][vc_empty_space height=&#8221;20px&#8221;][\/vc_column][\/vc_row][vc_row row_type=&#8221;row&#8221; use_row_as_full_screen_section=&#8221;no&#8221; type=&#8221;full_width&#8221; angled_section=&#8221;no&#8221; text_align=&#8221;left&#8221; background_image_as_pattern=&#8221;without_pattern&#8221; css_animation=&#8221;&#8221;][vc_column][vc_empty_space height=&#8221;35px&#8221;][vc_row_inner row_type=&#8221;row&#8221; type=&#8221;full_width&#8221; text_align=&#8221;left&#8221; css_animation=&#8221;&#8221;][vc_column_inner width=&#8221;1\/3&#8243;][\/vc_column_inner][vc_column_inner width=&#8221;1\/3&#8243;]<a  itemprop=\"url\" href=\"https:\/\/hostelsoller.com\/wp-content\/uploads\/2022\/03\/Projecte_Educatiu_Alberg_Juvenil_Soller_2022.pdf\" target=\"_self\" data-hover-background-color=#000000  class=\"qbutton  big_large_full_width default\" style=\"color: #ffffff; background-color: #a17d5d;\">Projecte educatiu<\/a>[\/vc_column_inner][vc_column_inner width=&#8221;1\/3&#8243;][\/vc_column_inner][\/vc_row_inner][vc_empty_space height=&#8221;35px&#8221;][\/vc_column][\/vc_row]<\/p>\n","protected":false},"excerpt":{"rendered":"<p>[vc_row row_type=&#8221;row&#8221; use_row_as_full_screen_section=&#8221;no&#8221; type=&#8221;full_width&#8221; angled_section=&#8221;no&#8221; text_align=&#8221;left&#8221; background_image_as_pattern=&#8221;without_pattern&#8221; css_animation=&#8221;&#8221;][vc_column][vc_column_text] Et presentam la nostra selecci\u00f3 de rutes, per a tots els nivells i des de la porta de l\u2019alberg juvenil.. Des de passejades f\u00e0cils a grans excursions. Segueix-les des de l&#8217;aplicaci\u00f3 WIKILOC amb #hostelsoller per a no&#8230;<\/p>\n","protected":false},"author":3,"featured_media":0,"parent":0,"menu_order":0,"comment_status":"closed","ping_status":"closed","template":"","meta":{"footnotes":""},"class_list":["post-18436","page","type-page","status-publish","hentry"],"yoast_head":"<!-- This site is optimized with the Yoast SEO plugin v27.4 - https:\/\/yoast.com\/product\/yoast-seo-wordpress\/ -->\n<title>Nostres Rutes - Hostel S\u00f3ller<\/title>\n<meta name=\"robots\" content=\"index, follow, max-snippet:-1, max-image-preview:large, max-video-preview:-1\" \/>\n<link rel=\"canonical\" href=\"https:\/\/hostelsoller.com\/ca\/nostres-rutes\/\" \/>\n<meta property=\"og:locale\" content=\"ca_ES\" \/>\n<meta property=\"og:type\" content=\"article\" \/>\n<meta property=\"og:title\" content=\"Nostres Rutes - Hostel S\u00f3ller\" \/>\n<meta property=\"og:description\" content=\"[vc_row row_type=&#8221;row&#8221; use_row_as_full_screen_section=&#8221;no&#8221; type=&#8221;full_width&#8221; angled_section=&#8221;no&#8221; text_align=&#8221;left&#8221; background_image_as_pattern=&#8221;without_pattern&#8221; css_animation=&#8221;&#8221;][vc_column][vc_column_text] Et presentam la nostra selecci\u00f3 de rutes, per a tots els nivells i des de la porta de l\u2019alberg juvenil.. Des de passejades f\u00e0cils a grans excursions. Segueix-les des de l&#8217;aplicaci\u00f3 WIKILOC amb #hostelsoller per a no...\" \/>\n<meta property=\"og:url\" content=\"https:\/\/hostelsoller.com\/ca\/nostres-rutes\/\" \/>\n<meta property=\"og:site_name\" content=\"Hostel S\u00f3ller\" \/>\n<meta property=\"article:publisher\" content=\"https:\/\/www.facebook.com\/hostelsoller\/\" \/>\n<meta property=\"article:modified_time\" content=\"2022-04-21T14:14:45+00:00\" \/>\n<meta property=\"og:image\" content=\"https:\/\/hostelsoller.com\/wp-content\/uploads\/2026\/02\/logo-HS-SEO.jpg\" \/>\n\t<meta property=\"og:image:width\" content=\"1200\" \/>\n\t<meta property=\"og:image:height\" content=\"675\" \/>\n\t<meta property=\"og:image:type\" content=\"image\/jpeg\" \/>\n<meta name=\"twitter:card\" content=\"summary_large_image\" \/>\n<meta name=\"twitter:label1\" content=\"Temps estimat de lectura\" \/>\n\t<meta name=\"twitter:data1\" content=\"2 minuts\" \/>\n<script type=\"application\/ld+json\" class=\"yoast-schema-graph\">{\"@context\":\"https:\\\/\\\/schema.org\",\"@graph\":[{\"@type\":\"WebPage\",\"@id\":\"https:\\\/\\\/hostelsoller.com\\\/ca\\\/nostres-rutes\\\/\",\"url\":\"https:\\\/\\\/hostelsoller.com\\\/ca\\\/nostres-rutes\\\/\",\"name\":\"Nostres Rutes - Hostel S\u00f3ller\",\"isPartOf\":{\"@id\":\"https:\\\/\\\/hostelsoller.com\\\/ca\\\/#website\"},\"datePublished\":\"2020-10-14T11:26:55+00:00\",\"dateModified\":\"2022-04-21T14:14:45+00:00\",\"breadcrumb\":{\"@id\":\"https:\\\/\\\/hostelsoller.com\\\/ca\\\/nostres-rutes\\\/#breadcrumb\"},\"inLanguage\":\"ca\",\"potentialAction\":[{\"@type\":\"ReadAction\",\"target\":[\"https:\\\/\\\/hostelsoller.com\\\/ca\\\/nostres-rutes\\\/\"]}]},{\"@type\":\"BreadcrumbList\",\"@id\":\"https:\\\/\\\/hostelsoller.com\\\/ca\\\/nostres-rutes\\\/#breadcrumb\",\"itemListElement\":[{\"@type\":\"ListItem\",\"position\":1,\"name\":\"Home\",\"item\":\"https:\\\/\\\/hostelsoller.com\\\/ca\\\/\"},{\"@type\":\"ListItem\",\"position\":2,\"name\":\"Nostres Rutes\"}]},{\"@type\":\"WebSite\",\"@id\":\"https:\\\/\\\/hostelsoller.com\\\/ca\\\/#website\",\"url\":\"https:\\\/\\\/hostelsoller.com\\\/ca\\\/\",\"name\":\"Hostel S\u00f3ller\",\"description\":\"Hostel a S\u00f3ller, Mallorca, ideal per a senderisme, ciclisme i vacances actives a la Serra de Tramuntana.\",\"publisher\":{\"@id\":\"https:\\\/\\\/hostelsoller.com\\\/ca\\\/#organization\"},\"potentialAction\":[{\"@type\":\"SearchAction\",\"target\":{\"@type\":\"EntryPoint\",\"urlTemplate\":\"https:\\\/\\\/hostelsoller.com\\\/ca\\\/?s={search_term_string}\"},\"query-input\":{\"@type\":\"PropertyValueSpecification\",\"valueRequired\":true,\"valueName\":\"search_term_string\"}}],\"inLanguage\":\"ca\"},{\"@type\":\"Organization\",\"@id\":\"https:\\\/\\\/hostelsoller.com\\\/ca\\\/#organization\",\"name\":\"HOSTEL S\u00d3LLER - Alberg Juvenil\",\"url\":\"https:\\\/\\\/hostelsoller.com\\\/ca\\\/\",\"logo\":{\"@type\":\"ImageObject\",\"inLanguage\":\"ca\",\"@id\":\"https:\\\/\\\/hostelsoller.com\\\/ca\\\/#\\\/schema\\\/logo\\\/image\\\/\",\"url\":\"https:\\\/\\\/hostelsoller.com\\\/wp-content\\\/uploads\\\/2026\\\/02\\\/cropped-logo-HS-Ok.png\",\"contentUrl\":\"https:\\\/\\\/hostelsoller.com\\\/wp-content\\\/uploads\\\/2026\\\/02\\\/cropped-logo-HS-Ok.png\",\"width\":512,\"height\":512,\"caption\":\"HOSTEL S\u00d3LLER - Alberg Juvenil\"},\"image\":{\"@id\":\"https:\\\/\\\/hostelsoller.com\\\/ca\\\/#\\\/schema\\\/logo\\\/image\\\/\"},\"sameAs\":[\"https:\\\/\\\/www.facebook.com\\\/hostelsoller\\\/\",\"https:\\\/\\\/www.instagram.com\\\/hostelsoller\\\/\"]}]}<\/script>\n<!-- \/ Yoast SEO plugin. -->","yoast_head_json":{"title":"Nostres Rutes - Hostel S\u00f3ller","robots":{"index":"index","follow":"follow","max-snippet":"max-snippet:-1","max-image-preview":"max-image-preview:large","max-video-preview":"max-video-preview:-1"},"canonical":"https:\/\/hostelsoller.com\/ca\/nostres-rutes\/","og_locale":"ca_ES","og_type":"article","og_title":"Nostres Rutes - Hostel S\u00f3ller","og_description":"[vc_row row_type=&#8221;row&#8221; use_row_as_full_screen_section=&#8221;no&#8221; type=&#8221;full_width&#8221; angled_section=&#8221;no&#8221; text_align=&#8221;left&#8221; background_image_as_pattern=&#8221;without_pattern&#8221; css_animation=&#8221;&#8221;][vc_column][vc_column_text] Et presentam la nostra selecci\u00f3 de rutes, per a tots els nivells i des de la porta de l\u2019alberg juvenil.. Des de passejades f\u00e0cils a grans excursions. Segueix-les des de l&#8217;aplicaci\u00f3 WIKILOC amb #hostelsoller per a no...","og_url":"https:\/\/hostelsoller.com\/ca\/nostres-rutes\/","og_site_name":"Hostel S\u00f3ller","article_publisher":"https:\/\/www.facebook.com\/hostelsoller\/","article_modified_time":"2022-04-21T14:14:45+00:00","og_image":[{"width":1200,"height":675,"url":"https:\/\/hostelsoller.com\/wp-content\/uploads\/2026\/02\/logo-HS-SEO.jpg","type":"image\/jpeg"}],"twitter_card":"summary_large_image","twitter_misc":{"Temps estimat de lectura":"2 minuts"},"schema":{"@context":"https:\/\/schema.org","@graph":[{"@type":"WebPage","@id":"https:\/\/hostelsoller.com\/ca\/nostres-rutes\/","url":"https:\/\/hostelsoller.com\/ca\/nostres-rutes\/","name":"Nostres Rutes - Hostel S\u00f3ller","isPartOf":{"@id":"https:\/\/hostelsoller.com\/ca\/#website"},"datePublished":"2020-10-14T11:26:55+00:00","dateModified":"2022-04-21T14:14:45+00:00","breadcrumb":{"@id":"https:\/\/hostelsoller.com\/ca\/nostres-rutes\/#breadcrumb"},"inLanguage":"ca","potentialAction":[{"@type":"ReadAction","target":["https:\/\/hostelsoller.com\/ca\/nostres-rutes\/"]}]},{"@type":"BreadcrumbList","@id":"https:\/\/hostelsoller.com\/ca\/nostres-rutes\/#breadcrumb","itemListElement":[{"@type":"ListItem","position":1,"name":"Home","item":"https:\/\/hostelsoller.com\/ca\/"},{"@type":"ListItem","position":2,"name":"Nostres Rutes"}]},{"@type":"WebSite","@id":"https:\/\/hostelsoller.com\/ca\/#website","url":"https:\/\/hostelsoller.com\/ca\/","name":"Hostel S\u00f3ller","description":"Hostel a S\u00f3ller, Mallorca, ideal per a senderisme, ciclisme i vacances actives a la Serra de Tramuntana.","publisher":{"@id":"https:\/\/hostelsoller.com\/ca\/#organization"},"potentialAction":[{"@type":"SearchAction","target":{"@type":"EntryPoint","urlTemplate":"https:\/\/hostelsoller.com\/ca\/?s={search_term_string}"},"query-input":{"@type":"PropertyValueSpecification","valueRequired":true,"valueName":"search_term_string"}}],"inLanguage":"ca"},{"@type":"Organization","@id":"https:\/\/hostelsoller.com\/ca\/#organization","name":"HOSTEL S\u00d3LLER - Alberg Juvenil","url":"https:\/\/hostelsoller.com\/ca\/","logo":{"@type":"ImageObject","inLanguage":"ca","@id":"https:\/\/hostelsoller.com\/ca\/#\/schema\/logo\/image\/","url":"https:\/\/hostelsoller.com\/wp-content\/uploads\/2026\/02\/cropped-logo-HS-Ok.png","contentUrl":"https:\/\/hostelsoller.com\/wp-content\/uploads\/2026\/02\/cropped-logo-HS-Ok.png","width":512,"height":512,"caption":"HOSTEL S\u00d3LLER - Alberg Juvenil"},"image":{"@id":"https:\/\/hostelsoller.com\/ca\/#\/schema\/logo\/image\/"},"sameAs":["https:\/\/www.facebook.com\/hostelsoller\/","https:\/\/www.instagram.com\/hostelsoller\/"]}]}},"_links":{"self":[{"href":"https:\/\/hostelsoller.com\/ca\/wp-json\/wp\/v2\/pages\/18436","targetHints":{"allow":["GET"]}}],"collection":[{"href":"https:\/\/hostelsoller.com\/ca\/wp-json\/wp\/v2\/pages"}],"about":[{"href":"https:\/\/hostelsoller.com\/ca\/wp-json\/wp\/v2\/types\/page"}],"author":[{"embeddable":true,"href":"https:\/\/hostelsoller.com\/ca\/wp-json\/wp\/v2\/users\/3"}],"replies":[{"embeddable":true,"href":"https:\/\/hostelsoller.com\/ca\/wp-json\/wp\/v2\/comments?post=18436"}],"version-history":[{"count":10,"href":"https:\/\/hostelsoller.com\/ca\/wp-json\/wp\/v2\/pages\/18436\/revisions"}],"predecessor-version":[{"id":19313,"href":"https:\/\/hostelsoller.com\/ca\/wp-json\/wp\/v2\/pages\/18436\/revisions\/19313"}],"wp:attachment":[{"href":"https:\/\/hostelsoller.com\/ca\/wp-json\/wp\/v2\/media?parent=18436"}],"curies":[{"name":"wp","href":"https:\/\/api.w.org\/{rel}","templated":true}]}}