{"id":16222,"date":"2018-05-21T16:45:12","date_gmt":"2018-05-21T16:45:12","guid":{"rendered":"https:\/\/hostelsoller.com\/terms-conditions\/"},"modified":"2025-10-16T09:46:22","modified_gmt":"2025-10-16T07:46:22","slug":"terms-conditions","status":"publish","type":"page","link":"https:\/\/hostelsoller.com\/ca\/terms-conditions\/","title":{"rendered":"Termes i condicions"},"content":{"rendered":"<p>[vc_row row_type=&#8221;row&#8221; use_row_as_full_screen_section=&#8221;no&#8221; type=&#8221;full_width&#8221; angled_section=&#8221;no&#8221; text_align=&#8221;left&#8221; background_image_as_pattern=&#8221;without_pattern&#8221; css_animation=&#8221;&#8221;][vc_column][vc_column_text css=&#8221;.vc_custom_1760600564965{margin-top: -10px !important;}&#8221;]<\/p>\n<div class=\"page\" title=\"Page 1\">\n<div class=\"layoutArea\">\n<div class=\"column\">\n<h2>TERMES I CONDICIONS \u2013 HOSTAL S\u00d3LLER S.L.<\/h2>\n<p class=\"p1\">En fer una reserva a l\u2019Hostel S\u00f3ller, el client accepta i es compromet a complir les seg\u00fcents condicions.<\/p>\n<p class=\"p1\">L\u2019incompliment d\u2019aquestes normes pot donar lloc a la cancel\u00b7laci\u00f3 autom\u00e0tica de l\u2019estada sense dret a reemborsament.<\/p>\n<\/div>\n<\/div>\n<\/div>\n<p>[\/vc_column_text][vc_separator type=&#8221;transparent&#8221;][\/vc_column][\/vc_row][vc_row row_type=&#8221;row&#8221; use_row_as_full_screen_section=&#8221;no&#8221; type=&#8221;full_width&#8221; angled_section=&#8221;no&#8221; text_align=&#8221;left&#8221; background_image_as_pattern=&#8221;without_pattern&#8221; css_animation=&#8221;&#8221;][vc_column][vc_column_text]<\/p>\n<div class=\"layoutArea\">\n<div class=\"column\">\n<h3>1. NORMES D\u2019ESTADA<\/h3>\n<ul class=\"ul1\">\n<li class=\"li1\">No es permeten comiats de solter\/a, festes ni esdeveniments similars.<\/li>\n<li class=\"li1\">No s\u2019admeten animals de companyia.<\/li>\n<li class=\"li1\">\u00c9s obligatori presentar una identificaci\u00f3 v\u00e0lida amb foto (DNI o passaport) en el check-in presencial o en l\u00ednia.<\/li>\n<li class=\"li1\">En cas de no haver completat pr\u00e8viament el check-in en l\u00ednia, caldr\u00e0 fer aquest proc\u00e9s de manera presencial a l\u2019arribada. Si l\u2019hoste arriba despr\u00e9s de les 19:00 h, haur\u00e0 d\u2019haver completat el check-in en l\u00ednia pr\u00e8viament.<\/li>\n<\/ul>\n<hr \/>\n<\/div>\n<\/div>\n<div class=\"layoutArea\">\n<div class=\"column\">\n<h4 class=\"p1\"><b>Respecte i conviv\u00e8ncia<\/b><\/h4>\n<ul class=\"ul1\">\n<li class=\"li2\">Es demana als hostes mantenir un comportament responsable i c\u00edvic.<\/li>\n<li class=\"li2\">Les \u00e0rees comunes romandran tancades de 23:00 a 07:00 h per garantir el descans de tothom.<\/li>\n<li class=\"li2\">El check-in a les habitacions compartides (dormitoris) no est\u00e0 perm\u00e8s despr\u00e9s de les 23:00 h.<\/li>\n<li class=\"li2\">Est\u00e0 prohibit dormir a les zones comunes.<\/li>\n<li class=\"li2\">No es pot pujar menjar ni begudes a les habitacions, excepte aigua.<\/li>\n<li class=\"li2\">Prohibit fumar a tot l\u2019edifici, excepte a les zones designades per a fumadors.<br \/>\nEn cas que es detecti que s\u2019ha fumat a l\u2019interior, s\u2019aplicar\u00e0 un c\u00e0rrec de 250 \u20ac.<\/li>\n<\/ul>\n<h4 class=\"p1\"><b>Responsabilitat i neteja<\/b><\/h4>\n<ul class=\"ul1\">\n<li class=\"li2\">L\u2019Hostel S\u00f3ller no es fa responsable d\u2019objectes perduts o extraviats.<\/li>\n<li class=\"li2\">El titular de la reserva ser\u00e0 responsable de qualsevol dany, p\u00e8rdua o desperfecte ocasionat a les instal\u00b7lacions, el mobiliari o els utensilis.<\/li>\n<li class=\"li2\">L\u2019hostel haur\u00e0 de mantenir en bon estat i netejar adequadament el material d\u2019\u00fas com\u00fa (per exemple, la cuina).<\/li>\n<li class=\"li2\">En cas de brut\u00edcia excessiva a les habitacions o zones comunes, es podr\u00e0 aplicar un c\u00e0rrec addicional. Tamb\u00e9 s\u2019aplicar\u00e0 un c\u00e0rrec addicional en cas de brut\u00edcia excessiva a les tovalloles o llen\u00e7ols.<\/li>\n<\/ul>\n<h4 class=\"p1\"><b>Check-out<\/b><b><\/b><\/h4>\n<ul class=\"ul1\">\n<li class=\"li2\">El check-out s\u2019haur\u00e0 de realitzar abans de les 11:00 h. Es concedeix una mitja hora de cortesia.<br \/>\nPassat aquest temps, s\u2019aplicar\u00e0 un rec\u00e0rrec de 20 \u20ac\/hora.<\/li>\n<li class=\"li2\">El check-out presencial \u00e9s possible a partir de les 8:00 h.Si desitja sortir abans, pot deixar la clau a la b\u00fastia situada a recepci\u00f3.<\/li>\n<li class=\"li2\">En cas de p\u00e8rdua de clau, s\u2019aplicar\u00e0 un c\u00e0rrec de 20 \u20ac.<\/li>\n<\/ul>\n<h4 class=\"p1\"><b>Esmorzar<\/b><b><\/b><\/h4>\n<ul class=\"ul1\">\n<li class=\"li2\">L\u2019esmorzar se serveix entre les 7:30 i les 10:00 h a les zones comunes. El preu de l\u2019allotjament no inclou l\u2019esmorzar.<\/li>\n<\/ul>\n<h4 class=\"p1\"><b>Menors d\u2019edat<\/b><b><\/b><\/h4>\n<ul class=\"ul1\">\n<li class=\"li2\">No s\u2019accepten reserves de menors de 16 anys sense la pres\u00e8ncia dels seus pares o tutors legals. Els menors de 16 a 18 anys nom\u00e9s es podran allotjar amb autoritzaci\u00f3 escrita dels pares o tutors.<\/li>\n<\/ul>\n<\/div>\n<\/div>\n<p>[\/vc_column_text][vc_separator type=&#8221;transparent&#8221;][vc_separator type=&#8221;transparent&#8221;][\/vc_column][\/vc_row][vc_row row_type=&#8221;row&#8221; use_row_as_full_screen_section=&#8221;no&#8221; type=&#8221;full_width&#8221; angled_section=&#8221;no&#8221; text_align=&#8221;left&#8221; background_image_as_pattern=&#8221;without_pattern&#8221; css_animation=&#8221;&#8221;][vc_column][vc_column_text]<\/p>\n<div class=\"layoutArea\">\n<div class=\"column\">\n<h3 class=\"p1\">2. POL\u00cdTICA D\u2019INFANTS<\/h3>\n<hr \/>\n<\/div>\n<\/div>\n<div class=\"layoutArea\">\n<div class=\"column\">\n<ul class=\"ul1\">\n<li class=\"li1\">Bressol gratu\u00eft.<\/li>\n<li class=\"li1\">Nins fins a 2 anys: gratis si dormen al bressol o al llit dels pares.<\/li>\n<li class=\"li1\">Nins de 3 a 8 anys: 20 % de descompte (aplicable \u00fanicament a reserves directes).<\/li>\n<\/ul>\n<\/div>\n<\/div>\n<p>[\/vc_column_text][vc_separator type=&#8221;transparent&#8221;][vc_separator type=&#8221;transparent&#8221;][\/vc_column][\/vc_row][vc_row row_type=&#8221;row&#8221; use_row_as_full_screen_section=&#8221;no&#8221; type=&#8221;full_width&#8221; angled_section=&#8221;no&#8221; text_align=&#8221;left&#8221; background_image_as_pattern=&#8221;without_pattern&#8221; css_animation=&#8221;&#8221;][vc_column][vc_column_text]<\/p>\n<div class=\"layoutArea\">\n<div class=\"column\">\n<h3 class=\"p1\">3. POL\u00cdTICA DE SOPARS I P\u00cdCNICS<\/h3>\n<hr \/>\n<\/div>\n<\/div>\n<div class=\"layoutArea\">\n<div class=\"column\">\n<ul class=\"ul1\">\n<li class=\"li1\">Les peticions especials, al\u00b7l\u00e8rgies o intoler\u00e0ncies s\u2019hauran de comunicar com a m\u00ednim 2 dies abans.<\/li>\n<li class=\"li1\">Els canvis o cancel\u00b7lacions tamb\u00e9 s\u2019hauran de sol\u00b7licitar amb almenys 2 dies d\u2019antelaci\u00f3. En cas contrari, es carregar\u00e0 l\u2019import complet.<\/li>\n<\/ul>\n<\/div>\n<\/div>\n<p>[\/vc_column_text][vc_separator type=&#8221;transparent&#8221;][vc_separator type=&#8221;transparent&#8221;][\/vc_column][\/vc_row][vc_row row_type=&#8221;row&#8221; use_row_as_full_screen_section=&#8221;no&#8221; type=&#8221;full_width&#8221; angled_section=&#8221;no&#8221; text_align=&#8221;left&#8221; background_image_as_pattern=&#8221;without_pattern&#8221; css_animation=&#8221;&#8221;][vc_column][vc_column_text]<\/p>\n<div class=\"layoutArea\">\n<div class=\"column\">\n<h3>4. POL\u00cdTICA DE PAGAMENT<\/h3>\n<hr \/>\n<\/div>\n<\/div>\n<div class=\"layoutArea\">\n<div class=\"column\">\n<h4 class=\"p1\"><b>Tarifa Est\u00e0ndard (Standard Rate)<\/b><\/h4>\n<ul class=\"ul1\">\n<li class=\"li2\">No requereix pagament per avan\u00e7at.<br \/>\nL\u2019establiment es reserva el dret de verificar la targeta carregant 1 \u20ac (no reemborsable, en concepte de gesti\u00f3).<\/li>\n<\/ul>\n<h4 class=\"p3\"><b>Tarifa No Reemborsable<\/b><\/h4>\n<ul class=\"ul1\">\n<li class=\"li2\">Es carregar\u00e0 el 100 % de la reserva en qualsevol moment despr\u00e9s de la confirmaci\u00f3.<br \/>\nNo es permeten canvis ni cancel\u00b7lacions.<\/li>\n<\/ul>\n<h4 class=\"p3\"><b>Tarifes per a grups (a partir de 10 persones)<\/b><\/h4>\n<ul class=\"ul1\">\n<li class=\"li2\">Es requerir\u00e0 el pagament del 50 % en el moment de la confirmaci\u00f3.<br \/>\nEl 50 % restant s\u2019haur\u00e0 d\u2019abonar un mes abans de l\u2019arribada.<br \/>\nEn cas de cancel\u00b7laci\u00f3, s\u2019aplicaran les pol\u00edtiques indicades a l\u2019apartat seg\u00fcent.<\/li>\n<\/ul>\n<\/div>\n<\/div>\n<p>[\/vc_column_text][vc_separator type=&#8221;transparent&#8221;][vc_separator type=&#8221;transparent&#8221;][\/vc_column][\/vc_row][vc_row row_type=&#8221;row&#8221; use_row_as_full_screen_section=&#8221;no&#8221; type=&#8221;full_width&#8221; angled_section=&#8221;no&#8221; text_align=&#8221;left&#8221; background_image_as_pattern=&#8221;without_pattern&#8221; css_animation=&#8221;&#8221;][vc_column][vc_column_text]<\/p>\n<div class=\"layoutArea\">\n<div class=\"column\">\n<h3>5. POL\u00cdTICA DE CANCEL\u00b7LACI\u00d3<\/h3>\n<hr \/>\n<\/div>\n<\/div>\n<div class=\"layoutArea\">\n<div class=\"column\">\n<h4 class=\"p1\"><b>Reserves individuals (tarifa est\u00e0ndard)<\/b><b><\/b><\/h4>\n<ul class=\"ul1\">\n<li class=\"li2\">Cancel\u00b7lacions fins a 7 dies abans de l\u2019arribada: sense cost.<\/li>\n<li class=\"li2\">Cancel\u00b7lacions amb menys de 7 dies: es carregar\u00e0 la primera nit.<\/li>\n<li class=\"li2\">Cancel\u00b7lacions el mateix dia de l\u2019arribada o sortides anticipades: es cobrar\u00e0 el 100 % de la reserva.<\/li>\n<\/ul>\n<h4 class=\"p1\"><b>Reserves no reemborsables<\/b><b><\/b><\/h4>\n<ul class=\"ul1\">\n<li class=\"li2\">No admeten canvis ni cancel\u00b7lacions.<\/li>\n<li class=\"li2\">En cas de cancel\u00b7laci\u00f3 o no presentaci\u00f3, es cobrar\u00e0 la totalitat.<\/li>\n<\/ul>\n<h4 class=\"p1\"><b>Reserves de grups (10 a 19 persones)<\/b><b><\/b><\/h4>\n<ul class=\"ul1\">\n<li class=\"li2\">Cancel\u00b7laci\u00f3 fins a 14 dies abans de l\u2019arribada: es carregar\u00e0 la primera nit.<\/li>\n<li class=\"li2\">Cancel\u00b7lacions amb menys de 7 dies o no presentaci\u00f3 (total o parcial): es cobrar\u00e0 el 100 % de la reserva.<\/li>\n<\/ul>\n<h4 class=\"p1\"><b>Reserves de grups (20 persones o m\u00e9s)<\/b><b><\/b><\/h4>\n<ul class=\"ul1\">\n<li class=\"li2\">Cancel\u00b7laci\u00f3 fins a 2 mesos abans de l\u2019arribada: reemborsament del 100 %.<\/li>\n<li class=\"li2\">Cancel\u00b7laci\u00f3 fins a 1 mes abans de l\u2019arribada: reemborsament del 50 %.<\/li>\n<li class=\"li2\">Cancel\u00b7lacions amb menys d\u20191 mes (total o parcial): es cobrar\u00e0 el 100 %.<\/li>\n<\/ul>\n<\/div>\n<\/div>\n<p>[\/vc_column_text][vc_separator type=&#8221;transparent&#8221;][vc_separator type=&#8221;transparent&#8221;][\/vc_column][\/vc_row][vc_row row_type=&#8221;row&#8221; use_row_as_full_screen_section=&#8221;no&#8221; type=&#8221;full_width&#8221; angled_section=&#8221;no&#8221; text_align=&#8221;left&#8221; background_image_as_pattern=&#8221;without_pattern&#8221; css_animation=&#8221;&#8221;][vc_column][vc_column_text]<\/p>\n<div class=\"layoutArea\">\n<div class=\"column\">\n<h3>6. ALTRES<\/h3>\n<hr \/>\n<\/div>\n<\/div>\n<div class=\"layoutArea\">\n<div class=\"column\">\n<ul class=\"ul1\">\n<li class=\"li1\">Tots els preus inclouen el 10 % d\u2019IVA.<\/li>\n<li class=\"li1\">Els preus no inclouen la taxa tur\u00edstica, impost sobre estades tur\u00edstiques (Llei 2\/2016): 1,10 \u20ac per persona i nit.<\/li>\n<li class=\"li1\">Els preus estan subjectes a possibles errors tipogr\u00e0fics.<\/li>\n<li class=\"li1\">L\u2019Hostel S\u00f3ller no es fa responsable de les comissions banc\u00e0ries generades per transfer\u00e8ncies. Aquests c\u00e0rrecs aniran sempre a compte del client.<\/li>\n<\/ul>\n<\/div>\n<\/div>\n<p>[\/vc_column_text][vc_separator type=&#8221;transparent&#8221;][vc_separator type=&#8221;transparent&#8221;][\/vc_column][\/vc_row][vc_row row_type=&#8221;row&#8221; use_row_as_full_screen_section=&#8221;no&#8221; type=&#8221;full_width&#8221; angled_section=&#8221;no&#8221; text_align=&#8221;left&#8221; background_image_as_pattern=&#8221;without_pattern&#8221; css_animation=&#8221;&#8221;][vc_column][vc_column_text]<\/p>\n<div class=\"layoutArea\">\n<div class=\"column\">\n<h3>7. JURISDICCI\u00d3<\/h3>\n<hr \/>\n<\/div>\n<\/div>\n<div class=\"layoutArea\">\n<div class=\"column\">\n<p class=\"p1\">Per a qualsevol controv\u00e8rsia derivada de la present relaci\u00f3 contractual, les parts se sotmeten expressament a la jurisdicci\u00f3 dels Jutjats i Tribunals de Palma de Mallorca, Illes Balears.<br \/>\nN\u00fam. de Registre: ABT\/1<\/p>\n<\/div>\n<\/div>\n<p>[\/vc_column_text][vc_separator type=&#8221;transparent&#8221;][vc_separator type=&#8221;transparent&#8221;][\/vc_column][\/vc_row]<\/p>\n","protected":false},"excerpt":{"rendered":"<p>[vc_row row_type=&#8221;row&#8221; use_row_as_full_screen_section=&#8221;no&#8221; type=&#8221;full_width&#8221; angled_section=&#8221;no&#8221; text_align=&#8221;left&#8221; background_image_as_pattern=&#8221;without_pattern&#8221; css_animation=&#8221;&#8221;][vc_column][vc_column_text css=&#8221;.vc_custom_1760600564965{margin-top: -10px !important;}&#8221;] TERMES I CONDICIONS \u2013 HOSTAL S\u00d3LLER S.L. En fer una reserva a l\u2019Hostel S\u00f3ller, el client accepta i es compromet a complir les seg\u00fcents condicions. L\u2019incompliment d\u2019aquestes normes pot donar lloc a la cancel\u00b7laci\u00f3&#8230;<\/p>\n","protected":false},"author":1,"featured_media":0,"parent":0,"menu_order":0,"comment_status":"closed","ping_status":"closed","template":"","meta":{"footnotes":""},"class_list":["post-16222","page","type-page","status-publish","hentry"],"yoast_head":"<!-- This site is optimized with the Yoast SEO plugin v27.3 - https:\/\/yoast.com\/product\/yoast-seo-wordpress\/ -->\n<title>Termes i condicions - Hostel S\u00f3ller<\/title>\n<meta name=\"robots\" content=\"index, follow, max-snippet:-1, max-image-preview:large, max-video-preview:-1\" \/>\n<link rel=\"canonical\" href=\"https:\/\/hostelsoller.com\/ca\/terms-conditions\/\" \/>\n<meta property=\"og:locale\" content=\"ca_ES\" \/>\n<meta property=\"og:type\" content=\"article\" \/>\n<meta property=\"og:title\" content=\"Termes i condicions - Hostel S\u00f3ller\" \/>\n<meta property=\"og:description\" content=\"[vc_row row_type=&#8221;row&#8221; use_row_as_full_screen_section=&#8221;no&#8221; type=&#8221;full_width&#8221; angled_section=&#8221;no&#8221; text_align=&#8221;left&#8221; background_image_as_pattern=&#8221;without_pattern&#8221; css_animation=&#8221;&#8221;][vc_column][vc_column_text css=&#8221;.vc_custom_1760600564965{margin-top: -10px !important;}&#8221;] TERMES I CONDICIONS \u2013 HOSTAL S\u00d3LLER S.L. En fer una reserva a l\u2019Hostel S\u00f3ller, el client accepta i es compromet a complir les seg\u00fcents condicions. L\u2019incompliment d\u2019aquestes normes pot donar lloc a la cancel\u00b7laci\u00f3...\" \/>\n<meta property=\"og:url\" content=\"https:\/\/hostelsoller.com\/ca\/terms-conditions\/\" \/>\n<meta property=\"og:site_name\" content=\"Hostel S\u00f3ller\" \/>\n<meta property=\"article:publisher\" content=\"https:\/\/www.facebook.com\/hostelsoller\/\" \/>\n<meta property=\"article:modified_time\" content=\"2025-10-16T07:46:22+00:00\" \/>\n<meta property=\"og:image\" content=\"https:\/\/hostelsoller.com\/wp-content\/uploads\/2026\/02\/logo-HS-SEO.jpg\" \/>\n\t<meta property=\"og:image:width\" content=\"1200\" \/>\n\t<meta property=\"og:image:height\" content=\"675\" \/>\n\t<meta property=\"og:image:type\" content=\"image\/jpeg\" \/>\n<meta name=\"twitter:card\" content=\"summary_large_image\" \/>\n<meta name=\"twitter:label1\" content=\"Temps estimat de lectura\" \/>\n\t<meta name=\"twitter:data1\" content=\"5 minuts\" \/>\n<script type=\"application\/ld+json\" class=\"yoast-schema-graph\">{\"@context\":\"https:\\\/\\\/schema.org\",\"@graph\":[{\"@type\":\"WebPage\",\"@id\":\"https:\\\/\\\/hostelsoller.com\\\/ca\\\/terms-conditions\\\/\",\"url\":\"https:\\\/\\\/hostelsoller.com\\\/ca\\\/terms-conditions\\\/\",\"name\":\"Termes i condicions - Hostel S\u00f3ller\",\"isPartOf\":{\"@id\":\"https:\\\/\\\/hostelsoller.com\\\/ca\\\/#website\"},\"datePublished\":\"2018-05-21T16:45:12+00:00\",\"dateModified\":\"2025-10-16T07:46:22+00:00\",\"breadcrumb\":{\"@id\":\"https:\\\/\\\/hostelsoller.com\\\/ca\\\/terms-conditions\\\/#breadcrumb\"},\"inLanguage\":\"ca\",\"potentialAction\":[{\"@type\":\"ReadAction\",\"target\":[\"https:\\\/\\\/hostelsoller.com\\\/ca\\\/terms-conditions\\\/\"]}]},{\"@type\":\"BreadcrumbList\",\"@id\":\"https:\\\/\\\/hostelsoller.com\\\/ca\\\/terms-conditions\\\/#breadcrumb\",\"itemListElement\":[{\"@type\":\"ListItem\",\"position\":1,\"name\":\"Home\",\"item\":\"https:\\\/\\\/hostelsoller.com\\\/ca\\\/\"},{\"@type\":\"ListItem\",\"position\":2,\"name\":\"Termes i condicions\"}]},{\"@type\":\"WebSite\",\"@id\":\"https:\\\/\\\/hostelsoller.com\\\/ca\\\/#website\",\"url\":\"https:\\\/\\\/hostelsoller.com\\\/ca\\\/\",\"name\":\"Hostel S\u00f3ller\",\"description\":\"Hostel a S\u00f3ller, Mallorca, ideal per a senderisme, ciclisme i vacances actives a la Serra de Tramuntana.\",\"publisher\":{\"@id\":\"https:\\\/\\\/hostelsoller.com\\\/ca\\\/#organization\"},\"potentialAction\":[{\"@type\":\"SearchAction\",\"target\":{\"@type\":\"EntryPoint\",\"urlTemplate\":\"https:\\\/\\\/hostelsoller.com\\\/ca\\\/?s={search_term_string}\"},\"query-input\":{\"@type\":\"PropertyValueSpecification\",\"valueRequired\":true,\"valueName\":\"search_term_string\"}}],\"inLanguage\":\"ca\"},{\"@type\":\"Organization\",\"@id\":\"https:\\\/\\\/hostelsoller.com\\\/ca\\\/#organization\",\"name\":\"HOSTEL S\u00d3LLER - Alberg Juvenil\",\"url\":\"https:\\\/\\\/hostelsoller.com\\\/ca\\\/\",\"logo\":{\"@type\":\"ImageObject\",\"inLanguage\":\"ca\",\"@id\":\"https:\\\/\\\/hostelsoller.com\\\/ca\\\/#\\\/schema\\\/logo\\\/image\\\/\",\"url\":\"https:\\\/\\\/hostelsoller.com\\\/wp-content\\\/uploads\\\/2026\\\/02\\\/cropped-logo-HS-Ok.png\",\"contentUrl\":\"https:\\\/\\\/hostelsoller.com\\\/wp-content\\\/uploads\\\/2026\\\/02\\\/cropped-logo-HS-Ok.png\",\"width\":512,\"height\":512,\"caption\":\"HOSTEL S\u00d3LLER - Alberg Juvenil\"},\"image\":{\"@id\":\"https:\\\/\\\/hostelsoller.com\\\/ca\\\/#\\\/schema\\\/logo\\\/image\\\/\"},\"sameAs\":[\"https:\\\/\\\/www.facebook.com\\\/hostelsoller\\\/\",\"https:\\\/\\\/www.instagram.com\\\/hostelsoller\\\/\"]}]}<\/script>\n<!-- \/ Yoast SEO plugin. -->","yoast_head_json":{"title":"Termes i condicions - Hostel S\u00f3ller","robots":{"index":"index","follow":"follow","max-snippet":"max-snippet:-1","max-image-preview":"max-image-preview:large","max-video-preview":"max-video-preview:-1"},"canonical":"https:\/\/hostelsoller.com\/ca\/terms-conditions\/","og_locale":"ca_ES","og_type":"article","og_title":"Termes i condicions - Hostel S\u00f3ller","og_description":"[vc_row row_type=&#8221;row&#8221; use_row_as_full_screen_section=&#8221;no&#8221; type=&#8221;full_width&#8221; angled_section=&#8221;no&#8221; text_align=&#8221;left&#8221; background_image_as_pattern=&#8221;without_pattern&#8221; css_animation=&#8221;&#8221;][vc_column][vc_column_text css=&#8221;.vc_custom_1760600564965{margin-top: -10px !important;}&#8221;] TERMES I CONDICIONS \u2013 HOSTAL S\u00d3LLER S.L. En fer una reserva a l\u2019Hostel S\u00f3ller, el client accepta i es compromet a complir les seg\u00fcents condicions. L\u2019incompliment d\u2019aquestes normes pot donar lloc a la cancel\u00b7laci\u00f3...","og_url":"https:\/\/hostelsoller.com\/ca\/terms-conditions\/","og_site_name":"Hostel S\u00f3ller","article_publisher":"https:\/\/www.facebook.com\/hostelsoller\/","article_modified_time":"2025-10-16T07:46:22+00:00","og_image":[{"width":1200,"height":675,"url":"https:\/\/hostelsoller.com\/wp-content\/uploads\/2026\/02\/logo-HS-SEO.jpg","type":"image\/jpeg"}],"twitter_card":"summary_large_image","twitter_misc":{"Temps estimat de lectura":"5 minuts"},"schema":{"@context":"https:\/\/schema.org","@graph":[{"@type":"WebPage","@id":"https:\/\/hostelsoller.com\/ca\/terms-conditions\/","url":"https:\/\/hostelsoller.com\/ca\/terms-conditions\/","name":"Termes i condicions - Hostel S\u00f3ller","isPartOf":{"@id":"https:\/\/hostelsoller.com\/ca\/#website"},"datePublished":"2018-05-21T16:45:12+00:00","dateModified":"2025-10-16T07:46:22+00:00","breadcrumb":{"@id":"https:\/\/hostelsoller.com\/ca\/terms-conditions\/#breadcrumb"},"inLanguage":"ca","potentialAction":[{"@type":"ReadAction","target":["https:\/\/hostelsoller.com\/ca\/terms-conditions\/"]}]},{"@type":"BreadcrumbList","@id":"https:\/\/hostelsoller.com\/ca\/terms-conditions\/#breadcrumb","itemListElement":[{"@type":"ListItem","position":1,"name":"Home","item":"https:\/\/hostelsoller.com\/ca\/"},{"@type":"ListItem","position":2,"name":"Termes i condicions"}]},{"@type":"WebSite","@id":"https:\/\/hostelsoller.com\/ca\/#website","url":"https:\/\/hostelsoller.com\/ca\/","name":"Hostel S\u00f3ller","description":"Hostel a S\u00f3ller, Mallorca, ideal per a senderisme, ciclisme i vacances actives a la Serra de Tramuntana.","publisher":{"@id":"https:\/\/hostelsoller.com\/ca\/#organization"},"potentialAction":[{"@type":"SearchAction","target":{"@type":"EntryPoint","urlTemplate":"https:\/\/hostelsoller.com\/ca\/?s={search_term_string}"},"query-input":{"@type":"PropertyValueSpecification","valueRequired":true,"valueName":"search_term_string"}}],"inLanguage":"ca"},{"@type":"Organization","@id":"https:\/\/hostelsoller.com\/ca\/#organization","name":"HOSTEL S\u00d3LLER - Alberg Juvenil","url":"https:\/\/hostelsoller.com\/ca\/","logo":{"@type":"ImageObject","inLanguage":"ca","@id":"https:\/\/hostelsoller.com\/ca\/#\/schema\/logo\/image\/","url":"https:\/\/hostelsoller.com\/wp-content\/uploads\/2026\/02\/cropped-logo-HS-Ok.png","contentUrl":"https:\/\/hostelsoller.com\/wp-content\/uploads\/2026\/02\/cropped-logo-HS-Ok.png","width":512,"height":512,"caption":"HOSTEL S\u00d3LLER - Alberg Juvenil"},"image":{"@id":"https:\/\/hostelsoller.com\/ca\/#\/schema\/logo\/image\/"},"sameAs":["https:\/\/www.facebook.com\/hostelsoller\/","https:\/\/www.instagram.com\/hostelsoller\/"]}]}},"_links":{"self":[{"href":"https:\/\/hostelsoller.com\/ca\/wp-json\/wp\/v2\/pages\/16222","targetHints":{"allow":["GET"]}}],"collection":[{"href":"https:\/\/hostelsoller.com\/ca\/wp-json\/wp\/v2\/pages"}],"about":[{"href":"https:\/\/hostelsoller.com\/ca\/wp-json\/wp\/v2\/types\/page"}],"author":[{"embeddable":true,"href":"https:\/\/hostelsoller.com\/ca\/wp-json\/wp\/v2\/users\/1"}],"replies":[{"embeddable":true,"href":"https:\/\/hostelsoller.com\/ca\/wp-json\/wp\/v2\/comments?post=16222"}],"version-history":[{"count":19,"href":"https:\/\/hostelsoller.com\/ca\/wp-json\/wp\/v2\/pages\/16222\/revisions"}],"predecessor-version":[{"id":19642,"href":"https:\/\/hostelsoller.com\/ca\/wp-json\/wp\/v2\/pages\/16222\/revisions\/19642"}],"wp:attachment":[{"href":"https:\/\/hostelsoller.com\/ca\/wp-json\/wp\/v2\/media?parent=16222"}],"curies":[{"name":"wp","href":"https:\/\/api.w.org\/{rel}","templated":true}]}}